{"id":25,"date":"2019-10-31T13:51:34","date_gmt":"2019-10-31T13:51:34","guid":{"rendered":"https:\/\/viken.kulturtanken.app\/?page_id=25"},"modified":"2023-09-07T10:45:00","modified_gmt":"2023-09-07T10:45:00","slug":"er-du-kulturkontakt","status":"publish","type":"page","link":"https:\/\/www.denkulturelleskolesekken.no\/asker\/er-du-kulturkontakt\/","title":{"rendered":"Er du kulturkontakt?"},"content":{"rendered":"\n<p>Elevene skal gjennom ordningen erfare ulike kunst- og kulturuttrykk som scenekunst, visuell kunst, musikk, film, litteratur og kulturarv. Som kulturkontakt er du det viktigste bindeleddet mellom skolen, Den kulturelle skolesekken og ut\u00f8verne som kommer p\u00e5 bes\u00f8k. Takk for at du har tatt p\u00e5 deg oppdraget som kulturkontakt! <\/p>\n\n\n\n<h3 class=\"wp-block-heading\">For skole- og kulturkontakter i Asker:<\/h3>\n\n\n\n<p>DKS Asker har utformet en veileder for kulturkontakter som et nyttig verkt\u00f8y for \u00e5 sette seg inn i kulturkontaktrollens ulike arbeidsoppgaver og ansvarsomr\u00e5der. <\/p>\n\n\n\n<p>Her er de viktigste punktene fra veilederen gjengitt: <\/p>\n\n\n\n<ul class=\"wp-block-list\"><li>Logg inn i <a href=\"https:\/\/portal.denkulturelleskolesekken.no\/\">DKS-portalen<\/a>. Velg hamburgermenyen oppe til venstre, velg \u201cOm skolen\u201d. Sjekk at infoen stemmer:.<\/li><li>Timeplan\/ringetider.<\/li><li>Klasser og elevantall.<\/li><li>Arenaer.<\/li><li>Kulturkontakter (fjern det som ikke stemmer og oppdater info).<\/li><li>Skoleansatte (kontaktinfo til rektor).<\/li><\/ul>\n\n\n\n<ul class=\"wp-block-list\"><li>En uke f\u00f8r DKS-bes\u00f8k: Finn riktig produksjon p\u00e5 <a rel=\"noreferrer noopener\" href=\"http:\/\/www.dks.no\/asker\" target=\"_blank\">www.dks.no\/asker<\/a>.\u00a0 Under feltet \u201cNyttig informasjon\u201d finner du det meste du trenger \u00e5 vite om produksjonen. Ta kontakt med ut\u00f8ver om vedkommende ikke har tatt kontakt med skolen. Husk \u00e5 avklare:\u00a0<\/li><\/ul>\n\n\n\n<ul class=\"wp-block-list\"><li>Klokkeslett for fremf\u00f8ringer, stoloppsett, scene, teknikk, oppm\u00f8tetidspunkt, parkering og b\u00e6rehjelp. <\/li><\/ul>\n\n\n\n<ul class=\"wp-block-list\"><li>Ha m\u00f8te med kulturvertene to dager f\u00f8r DKS-bes\u00f8ket og g\u00e5 gjennom alle oppgaver med kulturvertene:.<\/li><\/ul>\n\n\n\n<ul class=\"wp-block-list\"><li>Les om produksjonen i DKS-portalen. <\/li><li>N\u00e5r ut\u00f8ver kommer, skal kulturvertene ta i mot ut\u00f8ver(ne).<\/li><li>Hjelpe til med \u00e5 b\u00e6re utstyr.\u00a0<\/li><li>Hente kaffe\/te.\u00a0<\/li><li>Hjelpe til \u00e5 rigge utstyr (NB: Alltid sp\u00f8rre ut\u00f8ver f\u00f8rst, mye dyrt utstyr).\u00a0<\/li><li>Rigge matter, benker og\/eller stoler om det er n\u00f8dvendig.\u00a0<\/li><li>Ta imot publikum, plassere hver klasse.\u00a0<\/li><li>Introdusere\/\u00f8nske velkommen og takke for forestillingen i etterkant.\u00a0<\/li><li>Hjelpe til \u00e5 rigge ned\u00a0 og ev. b\u00e6re utstyr ut til bilen.\u00a0<\/li><li>Si farvel og \u00f8nske velkommen igjen.<\/li><\/ul>\n\n\n\n<p><\/p>\n\n\n\n<ul class=\"wp-block-list\"><li>Punktene over vil v\u00e6re litt forskjellige ut ifra hvilken type bes\u00f8k det er. For eksempel vil et forfatterm\u00f8te trenge f\u00e6rre ressurser.\u00a0<\/li><li>Dagen f\u00f8r DKS-bes\u00f8ket er det flott om kulturvertene bes\u00f8ker de aktuelle klassene for \u00e5 fortelle litt om hva som skal skje og hvordan man er en god publikummer. P\u00e5 den m\u00e5ten kan vi forberede elevene p\u00e5 hva som skal skje, og kanskje de til og med rekker \u00e5 glede seg litt \ud83d\ude0a\u00a0\u00a0<\/li><\/ul>\n","protected":false},"excerpt":{"rendered":"<p>Elevene skal gjennom ordningen erfare ulike kunst- og kulturuttrykk som scenekunst, visuell kunst, musikk, film, litteratur og kulturarv. Som kulturkontakt er du det viktigste bindeleddet mellom skolen, Den kulturelle skolesekken og ut\u00f8verne som kommer p\u00e5 bes\u00f8k. Takk for at du har tatt p\u00e5 deg oppdraget som kulturkontakt! For skole- og kulturkontakter i Asker: DKS Asker [&hellip;]<\/p>\n","protected":false},"author":2,"featured_media":756,"parent":0,"menu_order":0,"comment_status":"closed","ping_status":"closed","template":"","meta":{"footnotes":""},"class_list":["post-25","page","type-page","status-publish","has-post-thumbnail","hentry"],"_links":{"self":[{"href":"https:\/\/www.denkulturelleskolesekken.no\/asker\/wp-json\/wp\/v2\/pages\/25","targetHints":{"allow":["GET"]}}],"collection":[{"href":"https:\/\/www.denkulturelleskolesekken.no\/asker\/wp-json\/wp\/v2\/pages"}],"about":[{"href":"https:\/\/www.denkulturelleskolesekken.no\/asker\/wp-json\/wp\/v2\/types\/page"}],"author":[{"embeddable":true,"href":"https:\/\/www.denkulturelleskolesekken.no\/asker\/wp-json\/wp\/v2\/users\/2"}],"replies":[{"embeddable":true,"href":"https:\/\/www.denkulturelleskolesekken.no\/asker\/wp-json\/wp\/v2\/comments?post=25"}],"version-history":[{"count":15,"href":"https:\/\/www.denkulturelleskolesekken.no\/asker\/wp-json\/wp\/v2\/pages\/25\/revisions"}],"predecessor-version":[{"id":1022,"href":"https:\/\/www.denkulturelleskolesekken.no\/asker\/wp-json\/wp\/v2\/pages\/25\/revisions\/1022"}],"wp:featuredmedia":[{"embeddable":true,"href":"https:\/\/www.denkulturelleskolesekken.no\/asker\/wp-json\/wp\/v2\/media\/756"}],"wp:attachment":[{"href":"https:\/\/www.denkulturelleskolesekken.no\/asker\/wp-json\/wp\/v2\/media?parent=25"}],"curies":[{"name":"wp","href":"https:\/\/api.w.org\/{rel}","templated":true}]}}