{"id":23,"date":"2019-10-31T13:50:15","date_gmt":"2019-10-31T13:50:15","guid":{"rendered":"https:\/\/viken.kulturtanken.app\/?page_id=23"},"modified":"2023-09-06T07:31:39","modified_gmt":"2023-09-06T07:31:39","slug":"om-dks-asker","status":"publish","type":"page","link":"https:\/\/www.denkulturelleskolesekken.no\/asker\/om-dks-asker\/","title":{"rendered":"Om DKS Asker"},"content":{"rendered":"\n<p>Den kulturelle skolesekken i Asker var organisert i to parallelle ordninger ut skole\u00e5ret 2021, dette betyr at tilbudet for Askerskolen frem til og med v\u00e5ren 2021 s\u00e5 ulikt ut. Tidligere Asker kommune var en s\u00e5kalt&nbsp;<a rel=\"noreferrer noopener\" href=\"https:\/\/www.denkulturelleskolesekken.no\/forside\/om-dks\/om-dks-okonomi\/\" target=\"_blank\">direktekommune innenfor DKS<\/a>, og administrer sine egne turneer. Tidligere Hurum og R\u00f8yken var abonnementskommuner og mottok tilbud fra Viken fylkeskommune, i tillegg til \u00e5 planlegge lokale produksjoner. <\/p>\n\n\n\n<p>H\u00f8sten 2020 ble DKS politisk behandlet, og med vedtak om at DKS Asker fortsetter som direktekommune fra h\u00f8sten 2021. DKS-administrasjonen har fokus p\u00e5 \u00e5 samordne og harmonisere tilbudet for hele Askerskolen. Asker fikk v\u00e5ren 2023 fornyet direktekommunestatusen for skole\u00e5ret 23\/24.<\/p>\n","protected":false},"excerpt":{"rendered":"<p>Den kulturelle skolesekken i Asker var organisert i to parallelle ordninger ut skole\u00e5ret 2021, dette betyr at tilbudet for Askerskolen frem til og med v\u00e5ren 2021 s\u00e5 ulikt ut. Tidligere Asker kommune var en s\u00e5kalt&nbsp;direktekommune innenfor DKS, og administrer sine egne turneer. Tidligere Hurum og R\u00f8yken var abonnementskommuner og mottok tilbud fra Viken fylkeskommune, i [&hellip;]<\/p>\n","protected":false},"author":13,"featured_media":0,"parent":0,"menu_order":0,"comment_status":"closed","ping_status":"closed","template":"","meta":{"footnotes":""},"class_list":["post-23","page","type-page","status-publish","hentry"],"_links":{"self":[{"href":"https:\/\/www.denkulturelleskolesekken.no\/asker\/wp-json\/wp\/v2\/pages\/23","targetHints":{"allow":["GET"]}}],"collection":[{"href":"https:\/\/www.denkulturelleskolesekken.no\/asker\/wp-json\/wp\/v2\/pages"}],"about":[{"href":"https:\/\/www.denkulturelleskolesekken.no\/asker\/wp-json\/wp\/v2\/types\/page"}],"author":[{"embeddable":true,"href":"https:\/\/www.denkulturelleskolesekken.no\/asker\/wp-json\/wp\/v2\/users\/13"}],"replies":[{"embeddable":true,"href":"https:\/\/www.denkulturelleskolesekken.no\/asker\/wp-json\/wp\/v2\/comments?post=23"}],"version-history":[{"count":3,"href":"https:\/\/www.denkulturelleskolesekken.no\/asker\/wp-json\/wp\/v2\/pages\/23\/revisions"}],"predecessor-version":[{"id":1014,"href":"https:\/\/www.denkulturelleskolesekken.no\/asker\/wp-json\/wp\/v2\/pages\/23\/revisions\/1014"}],"wp:attachment":[{"href":"https:\/\/www.denkulturelleskolesekken.no\/asker\/wp-json\/wp\/v2\/media?parent=23"}],"curies":[{"name":"wp","href":"https:\/\/api.w.org\/{rel}","templated":true}]}}