{"id":119,"date":"2019-12-10T12:20:02","date_gmt":"2019-12-10T12:20:02","guid":{"rendered":"https:\/\/viken.kulturtanken.app\/?page_id=119"},"modified":"2025-09-16T11:05:08","modified_gmt":"2025-09-16T11:05:08","slug":"kontakt-oss","status":"publish","type":"page","link":"https:\/\/www.denkulturelleskolesekken.no\/asker\/kontakt-oss\/","title":{"rendered":"Kontakt oss"},"content":{"rendered":"\n<p><strong>Eirik Fauske<\/strong> <br>Kunstfaglig produsent litteratur og scenekunst<br>99 60 32 62<br><a href=\"mailto:eirik.fauske@asker.kommune.no\">eirik.fauske@asker.kommune.no<\/a><\/p>\n\n\n\n<p><strong>Kenneth Dypvik-Simonsen<\/strong><br>R\u00e5dgiver og kunstfaglig produsent for kulturarv og visuell kunst<br>45 80 75 40<br><a href=\"mailto:kasper.skullerud.vaernes@asker.kommune.no\">kenneth.dypvik-simonsen@asker.kommune.no<\/a><\/p>\n\n\n\n<p><strong>Ole J\u00f8rn Myklebust<\/strong><br>R\u00e5dgiver og fagkoordinator<br>Ansvarlig for musikk og film<br>90 13 00 69<br><a href=\"mailto:ole.jorn.myklebust@asker.kommune.no\">ole.jorn.myklebust@asker.kommune.no<\/a><\/p>\n\n\n\n<p><\/p>\n\n\n\n<p>Les mer om de ansatte <a href=\"https:\/\/www.denkulturelleskolesekken.no\/asker\/de-ansatte\/\">HER<\/a>.<\/p>\n","protected":false},"excerpt":{"rendered":"<p>Eirik Fauske Kunstfaglig produsent litteratur og scenekunst99 60 32 62eirik.fauske@asker.kommune.no Kenneth Dypvik-SimonsenR\u00e5dgiver og kunstfaglig produsent for kulturarv og visuell kunst45 80 75 40kenneth.dypvik-simonsen@asker.kommune.no Ole J\u00f8rn MyklebustR\u00e5dgiver og fagkoordinatorAnsvarlig for musikk og film90 13 00 69ole.jorn.myklebust@asker.kommune.no Les mer om de ansatte HER.<\/p>\n","protected":false},"author":4,"featured_media":0,"parent":0,"menu_order":0,"comment_status":"closed","ping_status":"closed","template":"","meta":{"footnotes":""},"class_list":["post-119","page","type-page","status-publish","hentry"],"_links":{"self":[{"href":"https:\/\/www.denkulturelleskolesekken.no\/asker\/wp-json\/wp\/v2\/pages\/119","targetHints":{"allow":["GET"]}}],"collection":[{"href":"https:\/\/www.denkulturelleskolesekken.no\/asker\/wp-json\/wp\/v2\/pages"}],"about":[{"href":"https:\/\/www.denkulturelleskolesekken.no\/asker\/wp-json\/wp\/v2\/types\/page"}],"author":[{"embeddable":true,"href":"https:\/\/www.denkulturelleskolesekken.no\/asker\/wp-json\/wp\/v2\/users\/4"}],"replies":[{"embeddable":true,"href":"https:\/\/www.denkulturelleskolesekken.no\/asker\/wp-json\/wp\/v2\/comments?post=119"}],"version-history":[{"count":349,"href":"https:\/\/www.denkulturelleskolesekken.no\/asker\/wp-json\/wp\/v2\/pages\/119\/revisions"}],"predecessor-version":[{"id":1151,"href":"https:\/\/www.denkulturelleskolesekken.no\/asker\/wp-json\/wp\/v2\/pages\/119\/revisions\/1151"}],"wp:attachment":[{"href":"https:\/\/www.denkulturelleskolesekken.no\/asker\/wp-json\/wp\/v2\/media?parent=119"}],"curies":[{"name":"wp","href":"https:\/\/api.w.org\/{rel}","templated":true}]}}