{"id":824,"date":"2020-05-13T07:35:59","date_gmt":"2020-05-13T07:35:59","guid":{"rendered":"https:\/\/wordpress.kulturtanken.app\/alta\/?page_id=824"},"modified":"2022-01-28T09:59:09","modified_gmt":"2022-01-28T09:59:09","slug":"er-du-elev","status":"publish","type":"page","link":"https:\/\/www.denkulturelleskolesekken.no\/alta\/er-du-elev\/","title":{"rendered":"Er du elev?"},"content":{"rendered":"\n<p>Da har du noe \u00e5 glede deg til! Alle elever i Alta kommune f\u00e5r oppleve kunst &#8211; og kulturproduksjoner av h\u00f8y kvalitet, hvert \u00e5r gjennom de 10 \u00e5rene i grunnskolen. Ordningen som skal sikre dette heter Den kulturelle skolesekken (DKS), og alle elever i hele landet har rett til \u00e5 f\u00e5 et slikt tilbud.<\/p>\n\n\n\n<p>I Alta kommune f\u00e5r som regel hver elev 3 til 4 slike kulturopplevelser per skole\u00e5r. Dette kan v\u00e6re alt fra en enkeltut\u00f8ver som bes\u00f8ker klassen din, til store konserter eller teaterforestillinger som dere drar til Kultursalen eller City scene for \u00e5 oppleve. <br>En del av produksjonene er verkstedbaserte, der dere f\u00e5r v\u00e6re med \u00e5 skape selv.<\/p>\n\n\n\n<p>Det er masse du kan l\u00e6re i DKS-oppleggene. F\u00f8lg godt med, s\u00e5 kan du kanskje f\u00e5 bruk for det ser, h\u00f8rer eller gj\u00f8r, i skolefagene.<\/p>\n\n\n\n<p>Lykke til med DKS! Husk \u00e5 ta godt i mot de som kommer p\u00e5 bes\u00f8k til oss.<\/p>\n","protected":false},"excerpt":{"rendered":"<p>Da har du noe \u00e5 glede deg til! Alle elever i Alta kommune f\u00e5r oppleve kunst &#8211; og kulturproduksjoner av h\u00f8y kvalitet, hvert \u00e5r gjennom de 10 \u00e5rene i grunnskolen. Ordningen som skal sikre dette heter Den kulturelle skolesekken (DKS), og alle elever i hele landet har rett til \u00e5 f\u00e5 et slikt tilbud. I [&hellip;]<\/p>\n","protected":false},"author":11,"featured_media":0,"parent":0,"menu_order":0,"comment_status":"closed","ping_status":"closed","template":"","meta":{"footnotes":""},"class_list":["post-824","page","type-page","status-publish","hentry"],"_links":{"self":[{"href":"https:\/\/www.denkulturelleskolesekken.no\/alta\/wp-json\/wp\/v2\/pages\/824","targetHints":{"allow":["GET"]}}],"collection":[{"href":"https:\/\/www.denkulturelleskolesekken.no\/alta\/wp-json\/wp\/v2\/pages"}],"about":[{"href":"https:\/\/www.denkulturelleskolesekken.no\/alta\/wp-json\/wp\/v2\/types\/page"}],"author":[{"embeddable":true,"href":"https:\/\/www.denkulturelleskolesekken.no\/alta\/wp-json\/wp\/v2\/users\/11"}],"replies":[{"embeddable":true,"href":"https:\/\/www.denkulturelleskolesekken.no\/alta\/wp-json\/wp\/v2\/comments?post=824"}],"version-history":[{"count":5,"href":"https:\/\/www.denkulturelleskolesekken.no\/alta\/wp-json\/wp\/v2\/pages\/824\/revisions"}],"predecessor-version":[{"id":926,"href":"https:\/\/www.denkulturelleskolesekken.no\/alta\/wp-json\/wp\/v2\/pages\/824\/revisions\/926"}],"wp:attachment":[{"href":"https:\/\/www.denkulturelleskolesekken.no\/alta\/wp-json\/wp\/v2\/media?parent=824"}],"curies":[{"name":"wp","href":"https:\/\/api.w.org\/{rel}","templated":true}]}}