{"id":784,"date":"2020-05-12T11:10:15","date_gmt":"2020-05-12T11:10:15","guid":{"rendered":"https:\/\/wordpress.kulturtanken.app\/alta\/?page_id=784"},"modified":"2021-08-19T14:18:23","modified_gmt":"2021-08-19T14:18:23","slug":"transport","status":"publish","type":"page","link":"https:\/\/www.denkulturelleskolesekken.no\/alta\/transport\/","title":{"rendered":"Transport"},"content":{"rendered":"\n<h3 class=\"wp-block-heading\" id=\"headline_art_stdlist_4642916_145559_86\">Bestilling av transport<\/h3>\n\n\n\n<p>For de av dere som trenger transport til et arrangement i regi av Den kulturelle skolesekken: klikk p\u00e5 linkene til transportskjema lengre ned p\u00e5 siden. Dette er bestillingsskjemaer som dere kan lagre lokalt p\u00e5 deres maskin. Fyll ut skjema med \u00f8nsket informasjon og send det p\u00e5 mail til:&nbsp;&nbsp;<a href=\"mailto:tur@boreal.no\">tur@boreal.no<\/a><\/p>\n\n\n\n<div class=\"wp-block-group\"><div class=\"wp-block-group__inner-container is-layout-flow wp-block-group-is-layout-flow\">\n<div class=\"wp-block-file\"><a href=\"https:\/\/cdn.denkulturelleskolesekken.no\/alta\/266905f9-transportskjema-2020.doc\">Transportskjema 2020<\/a><\/div>\n\n\n\n<div class=\"wp-block-file\"><a href=\"https:\/\/cdn.denkulturelleskolesekken.no\/alta\/5d0e8eec-vedlegg-2.-bestillingsskjema-til-busstransport-over-40-km.pdf\" target=\"_blank\" rel=\"noreferrer noopener\">Transportskjema for turer over 40 km en vei<\/a><\/div>\n<\/div><\/div>\n\n\n\n<p><\/p>\n","protected":false},"excerpt":{"rendered":"<p>Bestilling av transport For de av dere som trenger transport til et arrangement i regi av Den kulturelle skolesekken: klikk p\u00e5 linkene til transportskjema lengre ned p\u00e5 siden. Dette er bestillingsskjemaer som dere kan lagre lokalt p\u00e5 deres maskin. Fyll ut skjema med \u00f8nsket informasjon og send det p\u00e5 mail til:&nbsp;&nbsp;tur@boreal.no<\/p>\n","protected":false},"author":11,"featured_media":0,"parent":0,"menu_order":0,"comment_status":"closed","ping_status":"closed","template":"","meta":{"footnotes":""},"class_list":["post-784","page","type-page","status-publish","hentry"],"_links":{"self":[{"href":"https:\/\/www.denkulturelleskolesekken.no\/alta\/wp-json\/wp\/v2\/pages\/784","targetHints":{"allow":["GET"]}}],"collection":[{"href":"https:\/\/www.denkulturelleskolesekken.no\/alta\/wp-json\/wp\/v2\/pages"}],"about":[{"href":"https:\/\/www.denkulturelleskolesekken.no\/alta\/wp-json\/wp\/v2\/types\/page"}],"author":[{"embeddable":true,"href":"https:\/\/www.denkulturelleskolesekken.no\/alta\/wp-json\/wp\/v2\/users\/11"}],"replies":[{"embeddable":true,"href":"https:\/\/www.denkulturelleskolesekken.no\/alta\/wp-json\/wp\/v2\/comments?post=784"}],"version-history":[{"count":6,"href":"https:\/\/www.denkulturelleskolesekken.no\/alta\/wp-json\/wp\/v2\/pages\/784\/revisions"}],"predecessor-version":[{"id":909,"href":"https:\/\/www.denkulturelleskolesekken.no\/alta\/wp-json\/wp\/v2\/pages\/784\/revisions\/909"}],"wp:attachment":[{"href":"https:\/\/www.denkulturelleskolesekken.no\/alta\/wp-json\/wp\/v2\/media?parent=784"}],"curies":[{"name":"wp","href":"https:\/\/api.w.org\/{rel}","templated":true}]}}