{"id":31,"date":"2019-10-31T13:54:44","date_gmt":"2019-10-31T13:54:44","guid":{"rendered":"https:\/\/viken.kulturtanken.app\/?page_id=31"},"modified":"2022-01-28T09:58:02","modified_gmt":"2022-01-28T09:58:02","slug":"er-du-utover","status":"publish","type":"page","link":"https:\/\/www.denkulturelleskolesekken.no\/alta\/er-du-utover\/","title":{"rendered":"Er du ut\u00f8ver?"},"content":{"rendered":"\n<p>Alta kommune f\u00f8lger fremforhandlet rammeavtale og honorerer etter gjeldende satser. Pr 1.08.2021 er dagshonoraret p\u00e5 kr. 5.151,-<\/p>\n\n\n\n<p>Vi f\u00f8lger statens satser for RDO (reise, diett og opphold).<\/p>\n\n\n\n<p>Scenekunstproduksjoner som er p\u00e5 Scenekunstbrukets repertoar honoreres etter gjeldende satser. Andre scenekunstproduksjoner honoreres etter avtale.<\/p>\n\n\n\n<p>Turn\u00e9legging med all logistikk foretas av oss. Dette innebefatter alle reise, hotell og leiebilbestillinger. Reiseplan med alle detaljer samt reiserute sendes ut\u00f8ver i god tid f\u00f8r turn\u00e9start.<\/p>\n\n\n\n<p>Vi samarbeider med Troms og Finnmark, og endel turn\u00e8er g\u00e5r i en og samme periode b\u00e5de hos oss som direktekommune og rundt om i fylket (i regi av dem).<br>Vi planlegger turn\u00e8ene v\u00e5re, innenfor perioden, separat. <\/p>\n\n\n\n<p><strong>Vil du formidle kunst og kultur til barn og unge i Alta? Har du et spennende prosjekt p\u00e5 gang<\/strong>?<\/p>\n\n\n\n<p><strong>Frist for innmelding av produksjoner for 2022\/23 er 1. oktober 2021.<br><\/strong>Innmelding av produksjoner gj\u00f8res via den sentrale DKS-portalen p\u00e5&nbsp;<a href=\"https:\/\/www.denkulturelleskolesekken.no\/forside\/om-dks\/utover\/\">denkulturelleskolesekken.no<\/a>.<\/p>\n","protected":false},"excerpt":{"rendered":"<p>Alta kommune f\u00f8lger fremforhandlet rammeavtale og honorerer etter gjeldende satser. Pr 1.08.2021 er dagshonoraret p\u00e5 kr. 5.151,- Vi f\u00f8lger statens satser for RDO (reise, diett og opphold). Scenekunstproduksjoner som er p\u00e5 Scenekunstbrukets repertoar honoreres etter gjeldende satser. Andre scenekunstproduksjoner honoreres etter avtale. Turn\u00e9legging med all logistikk foretas av oss. Dette innebefatter alle reise, hotell og [&hellip;]<\/p>\n","protected":false},"author":2,"featured_media":0,"parent":0,"menu_order":0,"comment_status":"closed","ping_status":"closed","template":"","meta":{"footnotes":""},"class_list":["post-31","page","type-page","status-publish","hentry"],"_links":{"self":[{"href":"https:\/\/www.denkulturelleskolesekken.no\/alta\/wp-json\/wp\/v2\/pages\/31","targetHints":{"allow":["GET"]}}],"collection":[{"href":"https:\/\/www.denkulturelleskolesekken.no\/alta\/wp-json\/wp\/v2\/pages"}],"about":[{"href":"https:\/\/www.denkulturelleskolesekken.no\/alta\/wp-json\/wp\/v2\/types\/page"}],"author":[{"embeddable":true,"href":"https:\/\/www.denkulturelleskolesekken.no\/alta\/wp-json\/wp\/v2\/users\/2"}],"replies":[{"embeddable":true,"href":"https:\/\/www.denkulturelleskolesekken.no\/alta\/wp-json\/wp\/v2\/comments?post=31"}],"version-history":[{"count":21,"href":"https:\/\/www.denkulturelleskolesekken.no\/alta\/wp-json\/wp\/v2\/pages\/31\/revisions"}],"predecessor-version":[{"id":925,"href":"https:\/\/www.denkulturelleskolesekken.no\/alta\/wp-json\/wp\/v2\/pages\/31\/revisions\/925"}],"wp:attachment":[{"href":"https:\/\/www.denkulturelleskolesekken.no\/alta\/wp-json\/wp\/v2\/media?parent=31"}],"curies":[{"name":"wp","href":"https:\/\/api.w.org\/{rel}","templated":true}]}}