{"id":25,"date":"2019-10-31T13:51:34","date_gmt":"2019-10-31T13:51:34","guid":{"rendered":"https:\/\/viken.kulturtanken.app\/?page_id=25"},"modified":"2022-01-28T09:42:53","modified_gmt":"2022-01-28T09:42:53","slug":"er-du-kulturkontakt","status":"publish","type":"page","link":"https:\/\/www.denkulturelleskolesekken.no\/alta\/er-du-kulturkontakt\/","title":{"rendered":"Er du kulturkontakt?"},"content":{"rendered":"\n<p><\/p>\n\n\n\n<p>Alle skoler skal ha en kulturkontakt.<br>Denne skal fungere som bindeledd mellom skolen og DKS &#8211; koordinator og som bindeledd mellom skolen og&nbsp;akt\u00f8rer som skal komme p\u00e5 bes\u00f8k.<br>Kulturkontakten har ansvaret for at de ulike trinn f\u00e5r informasjon om tilbud som kommer i regi av Den kulturelle skolesekken. Den har ogs\u00e5 ansvar for tilrettelegging av ulike arrangement. <\/p>\n\n\n\n<p>Kulturkontakten m\u00e5 gj\u00f8re seg kjent med DKS-programmet, og v\u00e6re behjelpelig med \u00e5 gi informasjon til l\u00e6rere og elever ved sin skole.<\/p>\n\n\n\n<p><\/p>\n","protected":false},"excerpt":{"rendered":"<p>Alle skoler skal ha en kulturkontakt.Denne skal fungere som bindeledd mellom skolen og DKS &#8211; koordinator og som bindeledd mellom skolen og&nbsp;akt\u00f8rer som skal komme p\u00e5 bes\u00f8k.Kulturkontakten har ansvaret for at de ulike trinn f\u00e5r informasjon om tilbud som kommer i regi av Den kulturelle skolesekken. Den har ogs\u00e5 ansvar for tilrettelegging av ulike arrangement. [&hellip;]<\/p>\n","protected":false},"author":2,"featured_media":0,"parent":0,"menu_order":0,"comment_status":"closed","ping_status":"closed","template":"","meta":{"footnotes":""},"class_list":["post-25","page","type-page","status-publish","hentry"],"_links":{"self":[{"href":"https:\/\/www.denkulturelleskolesekken.no\/alta\/wp-json\/wp\/v2\/pages\/25","targetHints":{"allow":["GET"]}}],"collection":[{"href":"https:\/\/www.denkulturelleskolesekken.no\/alta\/wp-json\/wp\/v2\/pages"}],"about":[{"href":"https:\/\/www.denkulturelleskolesekken.no\/alta\/wp-json\/wp\/v2\/types\/page"}],"author":[{"embeddable":true,"href":"https:\/\/www.denkulturelleskolesekken.no\/alta\/wp-json\/wp\/v2\/users\/2"}],"replies":[{"embeddable":true,"href":"https:\/\/www.denkulturelleskolesekken.no\/alta\/wp-json\/wp\/v2\/comments?post=25"}],"version-history":[{"count":17,"href":"https:\/\/www.denkulturelleskolesekken.no\/alta\/wp-json\/wp\/v2\/pages\/25\/revisions"}],"predecessor-version":[{"id":924,"href":"https:\/\/www.denkulturelleskolesekken.no\/alta\/wp-json\/wp\/v2\/pages\/25\/revisions\/924"}],"wp:attachment":[{"href":"https:\/\/www.denkulturelleskolesekken.no\/alta\/wp-json\/wp\/v2\/media?parent=25"}],"curies":[{"name":"wp","href":"https:\/\/api.w.org\/{rel}","templated":true}]}}