{"id":8916,"date":"2026-03-05T14:14:15","date_gmt":"2026-03-05T14:14:15","guid":{"rendered":"https:\/\/www.denkulturelleskolesekken.no\/akershus\/?page_id=8916"},"modified":"2026-04-08T14:42:14","modified_gmt":"2026-04-08T14:42:14","slug":"kulturtorg-2026","status":"publish","type":"page","link":"https:\/\/www.denkulturelleskolesekken.no\/akershus\/kulturtorg-2026\/","title":{"rendered":"Kulturtorg 2026"},"content":{"rendered":"\n<p class=\"has-medium-font-size\">Torsdag 9. april arrangerer vi Kulturtorg p\u00e5 Lillestr\u00f8m Kultursenter. Her presenterer vi programmet for videreg\u00e5ende skole for skole\u00e5ret 2026\u20132027.<\/p>\n\n\n\n<p><strong>Tid: <\/strong>Torsdag 9. april, kl: 10:00 &#8211; 14:30<\/p>\n\n\n\n<p>Registrering fra kl: 09.30.<\/p>\n\n\n\n<p><strong>Sted:<\/strong> <a href=\"https:\/\/www.lillestrom-kultursenter.no\/\" target=\"_blank\" rel=\"noreferrer noopener\">Lillestr\u00f8m Kultursenter<\/a>, Kirkegata 11, 2000 Lillestr\u00f8m<\/p>\n\n\n\n<p>Lillestr\u00f8m Kultursenter ligger i kort gangavstand fra Lillestr\u00f8m togstasjon.<\/p>\n\n\n\n<h2 class=\"wp-block-heading\">Program for dagen<\/h2>\n\n\n\n<p><strong>10:00<\/strong> &#8211; \u00c5pning og velkommen<\/p>\n\n\n\n<p><strong>10:15<\/strong> &#8211; Presentasjon av produksjoner<\/p>\n\n\n\n<p><strong>11:00<\/strong> &#8211; Lunsj<\/p>\n\n\n\n<p><strong>11:50<\/strong> &#8211; Presentasjon av produksjoner<\/p>\n\n\n\n<p><strong>12:30<\/strong> &#8211; Pause med snacks<\/p>\n\n\n\n<p><strong>12:45<\/strong> &#8211; Presentasjon av produksjoner<\/p>\n\n\n\n<p><strong>13:30 <\/strong>&#8211; Pause<\/p>\n\n\n\n<p><strong>13:40<\/strong> &#8211; Presentasjon av produksjoner<\/p>\n\n\n\n<p><strong>14:30<\/strong>  &#8211; Takk for i dag<\/p>\n\n\n\n<p>(Med forbehold om endinger i programmet)<\/p>\n\n\n\n<h2 class=\"wp-block-heading\">Hva er Kulturtorg?<\/h2>\n\n\n\n<p>Kulturtorget er en faglig og sosial m\u00f8teplass hvor skolene f\u00e5r en samlet presentasjon av kommende kunst- og kulturtilbud. Programmet blir presentert med b\u00e5de videoer, presentasjoner og live innslag av kunstnere som er en del av neste \u00e5rs program. <\/p>\n\n\n\n<p>Kulturtorget gir en anledning til \u00e5 bli bedre kjent med hvordan Den kulturelle skolesekken fungerer i praksis og stille sp\u00f8rsm\u00e5l om programmet. Vi legger stor vekt p\u00e5 dialog og erfaringsutveksling. Det er verdifullt for oss \u00e5 m\u00f8tes, snakke sammen og utvikle DKS-tilbudet videre i fellesskap. Mellom de faglige bolkene blir det ogs\u00e5 rom for uformell prat \u2013 og vi serverer en god, felles lunsj.<\/p>\n\n\n\n<h2 class=\"wp-block-heading\">Bestilling av produksjoner<\/h2>\n\n\n\n<p>Vi h\u00e5per Kulturtorget er med p\u00e5 \u00e5 gi skolene et godt grunnlag for velge produksjoner til for neste skole\u00e5r. Etter arrangementet er DKS-portalen \u00e5pen for \u00e5 legge inn bestilling. <br><br>Fristen for bestilling er <strong>30. april<\/strong>.<\/p>\n\n\n\n<h2 class=\"wp-block-heading\">Hvem kan delta p\u00e5 Kulturtorg?<\/h2>\n\n\n\n<p>Alle de videreg\u00e5ende skolene i Akershus blir invitert til arrangementet. Det er plass til fire personer fra hver skole. Vi oppfordrer skolene til \u00e5 ta med minst to elever til Kulturtorg for \u00e5 inkludere dem i utvelgelsen av produksjoner. <\/p>\n\n\n\n<h2 class=\"wp-block-heading\">Program for videreg\u00e5ende skole 2026\/2027<\/h2>\n\n\n\n<p><a href=\"https:\/\/www.denkulturelleskolesekken.no\/akershus\/utforsk-produksjoner-i-dks\/#\/eyJ2aWV3IjoibGlzdCIsInNvcnQiOiIiLCJhY2FkZW1pY1llYXJJZCI6OCwic2tpcCI6MCwibGltaXQiOjE1LCJpdGVtc1BlclBhZ2UiOjE1LCJoYXNNb3JlIjpudWxsLCJleHBpcnkiOjE3MTI2Njc3NTQ5MzUsIm9wZW5BbGxFdmVudHMiOmZhbHNlLCJicmFuY2hPZmZpY2VJZHMiOltdLCJyZXZpc2lvbiI6bnVsbCwib3BlbiI6dHJ1ZSwieWVhckxldmVscyI6W1sxMSwxM11dfQ==\">Program for videreg\u00e5ende skole finner du i DKS-portalen<\/a>.<\/p>\n\n\n\n<p>Programmet er ogs\u00e5 tilgjengelig i v\u00e5r katalog som sendes til skolene hvert \u00e5r. Katalogen kan ogs\u00e5 leses digitalt, eller lastes ned som pdf:<\/p>\n\n\n\n<div class=\"wp-block-columns is-layout-flex wp-container-core-columns-is-layout-9d6595d7 wp-block-columns-is-layout-flex\">\n<div class=\"wp-block-column is-layout-flow wp-block-column-is-layout-flow\" style=\"flex-basis:33.33%\">\n<figure class=\"wp-block-image size-full\"><img loading=\"lazy\" decoding=\"async\" width=\"420\" height=\"595\" src=\"https:\/\/cdn.denkulturelleskolesekken.no\/akershus\/77a531e8-forside-vgs-katalog.jpg\" alt=\"\" class=\"wp-image-8973\" srcset=\"https:\/\/cdn.denkulturelleskolesekken.no\/akershus\/77a531e8-forside-vgs-katalog.jpg 420w, https:\/\/cdn.denkulturelleskolesekken.no\/akershus\/77a531e8-forside-vgs-katalog-212x300.jpg 212w\" sizes=\"auto, (max-width: 420px) 100vw, 420px\" \/><\/figure>\n<\/div>\n\n\n\n<div class=\"wp-block-column is-layout-flow wp-block-column-is-layout-flow\" style=\"flex-basis:66.66%\">\n<p><br>Bla i katalogen, eller last den ned som PDF: <br><a href=\"https:\/\/indd.adobe.com\/view\/b012d310-01da-4eff-9345-322cbe4e2170\" target=\"_blank\" rel=\"noreferrer noopener\">Valgfritt program videreg\u00e5ende skole 2026\/27<\/a><\/p>\n<\/div>\n<\/div>\n\n\n\n<p><br><\/p>\n\n\n\n<p><br><\/p>\n","protected":false},"excerpt":{"rendered":"<p>Torsdag 9. april arrangerer vi Kulturtorg p\u00e5 Lillestr\u00f8m Kultursenter. Her presenterer vi programmet for videreg\u00e5ende skole for skole\u00e5ret 2026\u20132027. Tid: Torsdag 9. april, kl: 10:00 &#8211; 14:30 Registrering fra kl: 09.30. Sted: Lillestr\u00f8m Kultursenter, Kirkegata 11, 2000 Lillestr\u00f8m Lillestr\u00f8m Kultursenter ligger i kort gangavstand fra Lillestr\u00f8m togstasjon. Program for dagen 10:00 &#8211; \u00c5pning og velkommen [&hellip;]<\/p>\n","protected":false},"author":26,"featured_media":8927,"parent":0,"menu_order":0,"comment_status":"closed","ping_status":"closed","template":"","meta":{"footnotes":""},"class_list":["post-8916","page","type-page","status-publish","has-post-thumbnail","hentry"],"_links":{"self":[{"href":"https:\/\/www.denkulturelleskolesekken.no\/akershus\/wp-json\/wp\/v2\/pages\/8916","targetHints":{"allow":["GET"]}}],"collection":[{"href":"https:\/\/www.denkulturelleskolesekken.no\/akershus\/wp-json\/wp\/v2\/pages"}],"about":[{"href":"https:\/\/www.denkulturelleskolesekken.no\/akershus\/wp-json\/wp\/v2\/types\/page"}],"author":[{"embeddable":true,"href":"https:\/\/www.denkulturelleskolesekken.no\/akershus\/wp-json\/wp\/v2\/users\/26"}],"replies":[{"embeddable":true,"href":"https:\/\/www.denkulturelleskolesekken.no\/akershus\/wp-json\/wp\/v2\/comments?post=8916"}],"version-history":[{"count":21,"href":"https:\/\/www.denkulturelleskolesekken.no\/akershus\/wp-json\/wp\/v2\/pages\/8916\/revisions"}],"predecessor-version":[{"id":8985,"href":"https:\/\/www.denkulturelleskolesekken.no\/akershus\/wp-json\/wp\/v2\/pages\/8916\/revisions\/8985"}],"wp:featuredmedia":[{"embeddable":true,"href":"https:\/\/www.denkulturelleskolesekken.no\/akershus\/wp-json\/wp\/v2\/media\/8927"}],"wp:attachment":[{"href":"https:\/\/www.denkulturelleskolesekken.no\/akershus\/wp-json\/wp\/v2\/media?parent=8916"}],"curies":[{"name":"wp","href":"https:\/\/api.w.org\/{rel}","templated":true}]}}