{"id":8654,"date":"2025-05-27T09:01:33","date_gmt":"2025-05-27T09:01:33","guid":{"rendered":"https:\/\/www.denkulturelleskolesekken.no\/akershus\/?page_id=8654"},"modified":"2025-06-01T16:54:19","modified_gmt":"2025-06-01T16:54:19","slug":"bestillingstilbud-grunnskole","status":"publish","type":"page","link":"https:\/\/www.denkulturelleskolesekken.no\/akershus\/bestillingstilbud-grunnskole\/","title":{"rendered":"Bestillingstilbud grunnskole"},"content":{"rendered":"\n<p class=\"has-medium-font-size\">For skole\u00e5ret 2025\/26 kan skolene f\u00e5 et ekstra tilbud i tillegg til ordin\u00e6rt program.<\/p>\n\n\n\n<p>Hvert \u00e5r programmerer vi et tilbud av kunst -og kulturopplevelser som skal ut til skolene i Akershus. For skole\u00e5ret 2025\/26 er det mulig \u00e5 bestille fra en meny med fire ekstra tilbud. Der det er stor p\u00e5gang fordeler vi etter &#8220;f\u00f8rst til m\u00f8lla prinsippet&#8221;.<\/p>\n\n\n\n<h2 class=\"wp-block-heading\">Bes\u00f8k p\u00e5 operaen og litteraturopplevelser<\/h2>\n\n\n\n<p>Velg mellom et bes\u00f8k p\u00e5 Den Norske Opera &amp; Ballett, eller tre litteraturtilbud. <\/p>\n\n\n\n<p>Litteraturtilbudet er satt opp som forlengelse av regjeringens \u00f8nske om \u00e5 styrke litteraturformidlingen i Leselyststrategien &#8220;Sammen om lesing&#8221;. Alle v\u00e5re abonnementskommuner kan s\u00f8ker om midler til prosjektene.<\/p>\n\n\n\n<p>Under kan du lese mer om hvordan du bestiller. For mer informasjon om hvert tilbud, s\u00f8ker du opp hver produksjon i DKS-Portalen, eller f\u00f8lg linkene direkte til hver produksjon:<\/p>\n\n\n\n<div style=\"height:20px\" aria-hidden=\"true\" class=\"wp-block-spacer\"><\/div>\n\n\n\n<div class=\"wp-block-group\"><div class=\"wp-block-group__inner-container is-layout-constrained wp-block-group-is-layout-constrained\"><div id=\"pl-gb8654-69fb793fc06e9\"  class=\"panel-layout wp-block-siteorigin-panels-layout-block\" ><div id=\"pg-gb8654-69fb793fc06e9-0\"  class=\"panel-grid panel-has-style\" ><div class=\"panel-row-style panel-row-style-for-gb8654-69fb793fc06e9-0\" ><div id=\"pgc-gb8654-69fb793fc06e9-0-0\"  class=\"panel-grid-cell\" ><div id=\"panel-gb8654-69fb793fc06e9-0-0-0\" class=\"so-panel widget widget_media_image panel-first-child panel-last-child\" data-index=\"0\" ><a href=\"https:\/\/www.denkulturelleskolesekken.no\/akershus\/utforsk-produksjoner-i-dks\/?produksjon=19063\"><img loading=\"lazy\" decoding=\"async\" width=\"300\" height=\"169\" src=\"https:\/\/cdn.denkulturelleskolesekken.no\/akershus\/f349f5ed-mot-den-norske-opera-og-ballett-16-9-300x169.jpg\" class=\"image wp-image-8671  attachment-medium size-medium wp-stateless-item\" alt=\"\" style=\"max-width: 100%; height: auto;\" srcset=\"https:\/\/cdn.denkulturelleskolesekken.no\/akershus\/f349f5ed-mot-den-norske-opera-og-ballett-16-9-300x169.jpg 300w, https:\/\/cdn.denkulturelleskolesekken.no\/akershus\/f349f5ed-mot-den-norske-opera-og-ballett-16-9-1024x576.jpg 1024w, https:\/\/cdn.denkulturelleskolesekken.no\/akershus\/f349f5ed-mot-den-norske-opera-og-ballett-16-9-768x432.jpg 768w, https:\/\/cdn.denkulturelleskolesekken.no\/akershus\/f349f5ed-mot-den-norske-opera-og-ballett-16-9.jpg 1200w\" sizes=\"auto, (max-width: 300px) 100vw, 300px\" data-image-size=\"medium\" data-stateless-media-bucket=\"kulturtanken-wordpress-cdn\" data-stateless-media-name=\"akershus\/f349f5ed-mot-den-norske-opera-og-ballett-16-9.jpg\" \/><\/a><\/div><\/div><div id=\"pgc-gb8654-69fb793fc06e9-0-1\"  class=\"panel-grid-cell\" ><div id=\"panel-gb8654-69fb793fc06e9-0-1-0\" class=\"so-panel widget widget_sow-editor panel-first-child panel-last-child\" data-index=\"1\" ><div class=\"panel-widget-style panel-widget-style-for-gb8654-69fb793fc06e9-0-1-0\" ><div\n\t\t\t\n\t\t\tclass=\"so-widget-sow-editor so-widget-sow-editor-base\"\n\t\t\t\n\t\t>\n<div class=\"siteorigin-widget-tinymce textwidget\">\n\t<h4><a href=\"https:\/\/www.denkulturelleskolesekken.no\/akershus\/utforsk-produksjoner-i-dks\/?produksjon=19063\">M\u00f8t den Norske Opera og Ballett (10. trinn)\u00a0<\/a><\/h4>\n<p>M\u00f8t de som lager kunsten; de som komponerer, danser, skriver, syr, tegner, snekrer, synger og spiller skuespill.<\/p>\n<\/div>\n<\/div><\/div><\/div><\/div><\/div><\/div><div id=\"pg-gb8654-69fb793fc06e9-1\"  class=\"panel-grid panel-has-style\" ><div class=\"panel-row-style panel-row-style-for-gb8654-69fb793fc06e9-1\" ><div id=\"pgc-gb8654-69fb793fc06e9-1-0\"  class=\"panel-grid-cell\" ><div id=\"panel-gb8654-69fb793fc06e9-1-0-0\" class=\"so-panel widget widget_media_image panel-first-child panel-last-child\" data-index=\"2\" ><a href=\"https:\/\/www.denkulturelleskolesekken.no\/akershus\/utforsk-produksjoner-i-dks\/?produksjon=20050\"><img loading=\"lazy\" decoding=\"async\" width=\"300\" height=\"169\" src=\"https:\/\/cdn.denkulturelleskolesekken.no\/akershus\/97056300-litteraturarrangement-16-9i-300x169.jpg\" class=\"image wp-image-8665  attachment-medium size-medium wp-stateless-item\" alt=\"\" style=\"max-width: 100%; height: auto;\" srcset=\"https:\/\/cdn.denkulturelleskolesekken.no\/akershus\/97056300-litteraturarrangement-16-9i-300x169.jpg 300w, https:\/\/cdn.denkulturelleskolesekken.no\/akershus\/97056300-litteraturarrangement-16-9i-768x432.jpg 768w, https:\/\/cdn.denkulturelleskolesekken.no\/akershus\/97056300-litteraturarrangement-16-9i.jpg 917w\" sizes=\"auto, (max-width: 300px) 100vw, 300px\" data-image-size=\"medium\" data-stateless-media-bucket=\"kulturtanken-wordpress-cdn\" data-stateless-media-name=\"akershus\/97056300-litteraturarrangement-16-9i.jpg\" \/><\/a><\/div><\/div><div id=\"pgc-gb8654-69fb793fc06e9-1-1\"  class=\"panel-grid-cell\" ><div id=\"panel-gb8654-69fb793fc06e9-1-1-0\" class=\"so-panel widget widget_sow-editor panel-first-child panel-last-child\" data-index=\"3\" ><div class=\"panel-widget-style panel-widget-style-for-gb8654-69fb793fc06e9-1-1-0\" ><div\n\t\t\t\n\t\t\tclass=\"so-widget-sow-editor so-widget-sow-editor-base\"\n\t\t\t\n\t\t>\n<div class=\"siteorigin-widget-tinymce textwidget\">\n\t<h4><a href=\"https:\/\/www.denkulturelleskolesekken.no\/akershus\/utforsk-produksjoner-i-dks\/?produksjon=20050\">Litteraturarrangement eller festival (1-10. trinn)<\/a><\/h4>\n<p>Planlegger skolen din et litteraturarrangement? Vi kan hjelpe til med b\u00e5de ekstra midler og praktisk gjennomf\u00f8ring.<\/p>\n<\/div>\n<\/div><\/div><\/div><\/div><\/div><\/div><div id=\"pg-gb8654-69fb793fc06e9-2\"  class=\"panel-grid panel-has-style\" ><div class=\"panel-row-style panel-row-style-for-gb8654-69fb793fc06e9-2\" ><div id=\"pgc-gb8654-69fb793fc06e9-2-0\"  class=\"panel-grid-cell\" ><div id=\"panel-gb8654-69fb793fc06e9-2-0-0\" class=\"so-panel widget widget_media_image panel-first-child panel-last-child\" data-index=\"4\" ><a href=\"https:\/\/www.denkulturelleskolesekken.no\/akershus\/utforsk-produksjoner-i-dks\/?produksjon=20028\"><img loading=\"lazy\" decoding=\"async\" width=\"300\" height=\"169\" src=\"https:\/\/cdn.denkulturelleskolesekken.no\/akershus\/73f9a673-barnebokbad-16-9-300x169.jpg\" class=\"image wp-image-8668  attachment-medium size-medium wp-stateless-item\" alt=\"\" style=\"max-width: 100%; height: auto;\" srcset=\"https:\/\/cdn.denkulturelleskolesekken.no\/akershus\/73f9a673-barnebokbad-16-9-300x169.jpg 300w, https:\/\/cdn.denkulturelleskolesekken.no\/akershus\/73f9a673-barnebokbad-16-9-1024x576.jpg 1024w, https:\/\/cdn.denkulturelleskolesekken.no\/akershus\/73f9a673-barnebokbad-16-9-768x432.jpg 768w, https:\/\/cdn.denkulturelleskolesekken.no\/akershus\/73f9a673-barnebokbad-16-9.jpg 1200w\" sizes=\"auto, (max-width: 300px) 100vw, 300px\" data-image-size=\"medium\" data-stateless-media-bucket=\"kulturtanken-wordpress-cdn\" data-stateless-media-name=\"akershus\/73f9a673-barnebokbad-16-9.jpg\" \/><\/a><\/div><\/div><div id=\"pgc-gb8654-69fb793fc06e9-2-1\"  class=\"panel-grid-cell\" ><div id=\"panel-gb8654-69fb793fc06e9-2-1-0\" class=\"so-panel widget widget_sow-editor panel-first-child panel-last-child\" data-index=\"5\" ><div class=\"panel-widget-style panel-widget-style-for-gb8654-69fb793fc06e9-2-1-0\" ><div\n\t\t\t\n\t\t\tclass=\"so-widget-sow-editor so-widget-sow-editor-base\"\n\t\t\t\n\t\t>\n<div class=\"siteorigin-widget-tinymce textwidget\">\n\t<h4><a href=\"https:\/\/www.denkulturelleskolesekken.no\/akershus\/utforsk-produksjoner-i-dks\/?produksjon=20028\">Barnebokbad, forfatter (4. &#8211; 10. trinn)\u00a0<\/a><\/h4>\n<p>For dere som har gjennomf\u00f8rt kurset i metoden bak barnebokbad, kan dere s\u00f8ke om midler til \u00e5 dekke et forfatterhonorar til et barnebokbad.<\/p>\n<\/div>\n<\/div><\/div><\/div><\/div><\/div><\/div><div id=\"pg-gb8654-69fb793fc06e9-3\"  class=\"panel-grid panel-has-style\" ><div class=\"panel-row-style panel-row-style-for-gb8654-69fb793fc06e9-3\" ><div id=\"pgc-gb8654-69fb793fc06e9-3-0\"  class=\"panel-grid-cell\" ><div id=\"panel-gb8654-69fb793fc06e9-3-0-0\" class=\"so-panel widget widget_media_image panel-first-child panel-last-child\" data-index=\"6\" ><a href=\"https:\/\/www.denkulturelleskolesekken.no\/akershus\/utforsk-produksjoner-i-dks\/?produksjon=20058\"><img loading=\"lazy\" decoding=\"async\" width=\"300\" height=\"169\" src=\"https:\/\/cdn.denkulturelleskolesekken.no\/akershus\/2f63f841-seminar-16-9i-300x169.jpg\" class=\"image wp-image-8670  attachment-medium size-medium wp-stateless-item\" alt=\"\" style=\"max-width: 100%; height: auto;\" srcset=\"https:\/\/cdn.denkulturelleskolesekken.no\/akershus\/2f63f841-seminar-16-9i-300x169.jpg 300w, https:\/\/cdn.denkulturelleskolesekken.no\/akershus\/2f63f841-seminar-16-9i-1024x576.jpg 1024w, https:\/\/cdn.denkulturelleskolesekken.no\/akershus\/2f63f841-seminar-16-9i-768x432.jpg 768w, https:\/\/cdn.denkulturelleskolesekken.no\/akershus\/2f63f841-seminar-16-9i.jpg 1200w\" sizes=\"auto, (max-width: 300px) 100vw, 300px\" data-image-size=\"medium\" data-stateless-media-bucket=\"kulturtanken-wordpress-cdn\" data-stateless-media-name=\"akershus\/2f63f841-seminar-16-9i.jpg\" \/><\/a><\/div><\/div><div id=\"pgc-gb8654-69fb793fc06e9-3-1\"  class=\"panel-grid-cell\" ><div id=\"panel-gb8654-69fb793fc06e9-3-1-0\" class=\"so-panel widget widget_sow-editor panel-first-child panel-last-child\" data-index=\"7\" ><div class=\"panel-widget-style panel-widget-style-for-gb8654-69fb793fc06e9-3-1-0\" ><div\n\t\t\t\n\t\t\tclass=\"so-widget-sow-editor so-widget-sow-editor-base\"\n\t\t\t\n\t\t>\n<div class=\"siteorigin-widget-tinymce textwidget\">\n\t<h4><a href=\"https:\/\/www.denkulturelleskolesekken.no\/akershus\/utforsk-produksjoner-i-dks\/?produksjon=20058\">Seminar for ungdomsskolel\u00e6rere og ungdomsbokbad (8. &#8211; 10. trinn)\u00a0<\/a><\/h4>\n<p>Vi dekker heldagsseminar for l\u00e6rere som vil gjennomf\u00f8re barnebokbad med klassen. I tillegg booker og dekker vi honorar til forfatter.<\/p>\n<\/div>\n<\/div><\/div><\/div><\/div><\/div><\/div><\/div><\/div><\/div>\n\n\n\n<div style=\"height:30px\" aria-hidden=\"true\" class=\"wp-block-spacer\"><\/div>\n\n\n<div id=\"pl-gb8654-69fb793fe4730\"  class=\"panel-layout wp-block-siteorigin-panels-layout-block\" ><div id=\"pg-gb8654-69fb793fe4730-0\"  class=\"panel-grid panel-no-style\" ><div id=\"pgc-gb8654-69fb793fe4730-0-0\"  class=\"panel-grid-cell\" ><div id=\"panel-gb8654-69fb793fe4730-0-0-0\" class=\"so-panel widget widget_sow-accordion panel-first-child panel-last-child\" data-index=\"0\" ><div\n\t\t\t\n\t\t\tclass=\"so-widget-sow-accordion so-widget-sow-accordion-default-2497e3b6f42e-8654\"\n\t\t\t\n\t\t><div>\n\t<div class=\"sow-accordion\">\n\t\t\t<div class=\"sow-accordion-panel\n\t\t\t\t\"\n\t\t\tdata-anchor-id=\"hvordan-bestiller-du\">\n\t\t\t\t<div class=\"sow-accordion-panel-header-container\" role=\"heading\" aria-level=\"2\">\n\t\t\t\t\t<div class=\"sow-accordion-panel-header\" tabindex=\"0\" role=\"button\" id=\"accordion-label-hvordan-bestiller-du\" aria-controls=\"accordion-content-hvordan-bestiller-du\" aria-expanded=\"false\">\n\t\t\t\t\t\t<div class=\"sow-accordion-title sow-accordion-title-icon-left\">\n\t\t\t\t\t\t\t\t\t\t\t\t\t\tHvordan bestiller du?\t\t\t\t\t\t\t\t\t\t\t\t\t<\/div>\n\t\t\t\t\t\t<div class=\"sow-accordion-open-close-button\">\n\t\t\t\t\t\t\t<div class=\"sow-accordion-open-button\">\n\t\t\t\t\t\t\t\t<span class=\"sow-icon-ionicons\" data-sow-icon=\"&#xf218;\"\n\t\t \n\t\taria-hidden=\"true\"><\/span>\t\t\t\t\t\t\t<\/div>\n\t\t\t\t\t\t\t<div class=\"sow-accordion-close-button\">\n\t\t\t\t\t\t\t\t<span class=\"sow-icon-ionicons\" data-sow-icon=\"&#xf209;\"\n\t\t \n\t\taria-hidden=\"true\"><\/span>\t\t\t\t\t\t\t<\/div>\n\t\t\t\t\t\t<\/div>\n\t\t\t\t\t<\/div>\n\t\t\t\t<\/div>\n\n\t\t\t<div\n\t\t\t\tclass=\"sow-accordion-panel-content\"\n\t\t\t\trole=\"region\"\n\t\t\t\taria-labelledby=\"accordion-label-hvordan-bestiller-du\"\n\t\t\t\tid=\"accordion-content-hvordan-bestiller-du\"\n\t\t\t\tstyle=\"display: none;\"\t\t\t>\n\t\t\t\t<div class=\"sow-accordion-panel-border\">\n\t\t\t\t\t<p style=\"font-weight: 400;\"><\/p>\n<p>Bestilling av produksjoner gj\u00f8r du via skolens side i DKS-portalen:<\/p>\n<ul>\n<li>G\u00e5 til menylinjen \u00f8verst p\u00e5 denne siden, og trykk &#8220;Logg inn&#8221;<\/li>\n<li>G\u00e5 til hamburgermenyen i venstre hj\u00f8rne og trykk p\u00e5 &#8220;Produksjoner&#8221;<\/li>\n<li>Trykk p\u00e5 produksjonen dere \u00f8nsker<\/li>\n<li>Velg klasser og trinn (oppsatte klasser er veiledende og skolen kan endre dette i etterkant)<\/li>\n<li>Sjekk at kontaktperson og kontaktinfo til skolen stemmer<\/li>\n<li>Legg inn informasjon om elevgruppen hvis det er relevant<\/li>\n<li>Avslutt med \u00abMeld interesse\u00bb<\/li>\n<li>\u00d8nsker dere flere produksjoner, g\u00e5r dere til &#8220;Meld interesse&#8221; i menyen \u00f8verst p\u00e5 siden.<\/li>\n<\/ul>\n<p><a href=\"https:\/\/vimeo.com\/1078319213\/261e15674f?share=copy\">Se en video med beskrivelse av hvordan du bestiller produksjoner p\u00e5 Vimeo<\/a><\/p>\n<p>P\u00e5 DKS sin nasjonale nettside, <a href=\"https:\/\/www.denkulturelleskolesekken.no\/dks-portalen\/kulturkontakt\/\" target=\"_blank\" rel=\"noopener\">&#8220;DKS-portalen for skole og kulturkontakter&#8221;<\/a>, finner du mer informasjon om DKS-portalen. Her kan du lese om hvordan du redigerer skolens kontaktinformasjon, registrerer timeplan, skolerute og klasser.<\/p>\n<p>&nbsp;<\/p>\n\t\t\t\t<\/div>\n\t\t\t<\/div>\n\t\t<\/div>\n\t\t<\/div>\n<\/div>\n<\/div><\/div><\/div><\/div><\/div>\n\n<div id=\"pl-gb8654-69fb79400be01\"  class=\"panel-layout wp-block-siteorigin-panels-layout-block\" ><div id=\"pg-gb8654-69fb79400be01-0\"  class=\"panel-grid panel-no-style\" ><div id=\"pgc-gb8654-69fb79400be01-0-0\"  class=\"panel-grid-cell\" ><div id=\"panel-gb8654-69fb79400be01-0-0-0\" class=\"so-panel widget widget_sow-accordion panel-first-child panel-last-child\" data-index=\"0\" ><div\n\t\t\t\n\t\t\tclass=\"so-widget-sow-accordion so-widget-sow-accordion-default-2497e3b6f42e-8654\"\n\t\t\t\n\t\t><div>\n\t<div class=\"sow-accordion\">\n\t\t\t<div class=\"sow-accordion-panel\n\t\t\t\t\"\n\t\t\tdata-anchor-id=\"kontakt\">\n\t\t\t\t<div class=\"sow-accordion-panel-header-container\" role=\"heading\" aria-level=\"2\">\n\t\t\t\t\t<div class=\"sow-accordion-panel-header\" tabindex=\"0\" role=\"button\" id=\"accordion-label-kontakt\" aria-controls=\"accordion-content-kontakt\" aria-expanded=\"false\">\n\t\t\t\t\t\t<div class=\"sow-accordion-title sow-accordion-title-icon-left\">\n\t\t\t\t\t\t\t\t\t\t\t\t\t\tKontakt\t\t\t\t\t\t\t\t\t\t\t\t\t<\/div>\n\t\t\t\t\t\t<div class=\"sow-accordion-open-close-button\">\n\t\t\t\t\t\t\t<div class=\"sow-accordion-open-button\">\n\t\t\t\t\t\t\t\t<span class=\"sow-icon-ionicons\" data-sow-icon=\"&#xf218;\"\n\t\t \n\t\taria-hidden=\"true\"><\/span>\t\t\t\t\t\t\t<\/div>\n\t\t\t\t\t\t\t<div class=\"sow-accordion-close-button\">\n\t\t\t\t\t\t\t\t<span class=\"sow-icon-ionicons\" data-sow-icon=\"&#xf209;\"\n\t\t \n\t\taria-hidden=\"true\"><\/span>\t\t\t\t\t\t\t<\/div>\n\t\t\t\t\t\t<\/div>\n\t\t\t\t\t<\/div>\n\t\t\t\t<\/div>\n\n\t\t\t<div\n\t\t\t\tclass=\"sow-accordion-panel-content\"\n\t\t\t\trole=\"region\"\n\t\t\t\taria-labelledby=\"accordion-label-kontakt\"\n\t\t\t\tid=\"accordion-content-kontakt\"\n\t\t\t\tstyle=\"display: none;\"\t\t\t>\n\t\t\t\t<div class=\"sow-accordion-panel-border\">\n\t\t\t\t\t<p class=\"p1\"><strong>Sp\u00f8rsm\u00e5l om bestilling:<\/strong><\/p>\n<p class=\"p1\">Ida Hasund &#8211; idaha@afk.no &#8211; Tlf: 404 92 913<\/p>\n<p class=\"p1\"><strong>Sp\u00f8rsm\u00e5l om produksjonene, kontakt v\u00e5re produsenter for aktuelt tilbud: <\/strong><\/p>\n<p>M\u00f8t den Norske Opera og Ballett:<\/p>\n<p>Katrine Kirsebom &#8211; katrinep@afk.no &#8211; Tlf: 920 21 489<\/p>\n<p class=\"p1\"><span class=\"s1\">Litteraturtilbudet:<\/span><\/p>\n<p class=\"p1\"><span class=\"s1\">Eldrid Johansen &#8211; eldridj@afk.no &#8211; Tlf: 976 72 969<br \/>\n<\/span>Gunnar Vilberg &#8211; gunnarv@afk.no &#8211; Tlf: 924 88 670<\/p>\n<p class=\"p1\">\n<\/p>\t\t\t\t<\/div>\n\t\t\t<\/div>\n\t\t<\/div>\n\t\t<\/div>\n<\/div>\n<\/div><\/div><\/div><\/div><\/div>\n\n\n<div style=\"height:40px\" aria-hidden=\"true\" class=\"wp-block-spacer\"><\/div>\n","protected":false},"excerpt":{"rendered":"<p>For skole\u00e5ret 2025\/26 kan skolene f\u00e5 et ekstra tilbud i tillegg til ordin\u00e6rt program. Hvert \u00e5r programmerer vi et tilbud av kunst -og kulturopplevelser som skal ut til skolene i Akershus. For skole\u00e5ret 2025\/26 er det mulig \u00e5 bestille fra en meny med fire ekstra tilbud. Der det er stor p\u00e5gang fordeler vi etter &#8220;f\u00f8rst [&hellip;]<\/p>\n","protected":false},"author":26,"featured_media":8722,"parent":0,"menu_order":0,"comment_status":"closed","ping_status":"closed","template":"","meta":{"footnotes":""},"class_list":["post-8654","page","type-page","status-publish","has-post-thumbnail","hentry"],"_links":{"self":[{"href":"https:\/\/www.denkulturelleskolesekken.no\/akershus\/wp-json\/wp\/v2\/pages\/8654","targetHints":{"allow":["GET"]}}],"collection":[{"href":"https:\/\/www.denkulturelleskolesekken.no\/akershus\/wp-json\/wp\/v2\/pages"}],"about":[{"href":"https:\/\/www.denkulturelleskolesekken.no\/akershus\/wp-json\/wp\/v2\/types\/page"}],"author":[{"embeddable":true,"href":"https:\/\/www.denkulturelleskolesekken.no\/akershus\/wp-json\/wp\/v2\/users\/26"}],"replies":[{"embeddable":true,"href":"https:\/\/www.denkulturelleskolesekken.no\/akershus\/wp-json\/wp\/v2\/comments?post=8654"}],"version-history":[{"count":56,"href":"https:\/\/www.denkulturelleskolesekken.no\/akershus\/wp-json\/wp\/v2\/pages\/8654\/revisions"}],"predecessor-version":[{"id":8725,"href":"https:\/\/www.denkulturelleskolesekken.no\/akershus\/wp-json\/wp\/v2\/pages\/8654\/revisions\/8725"}],"wp:featuredmedia":[{"embeddable":true,"href":"https:\/\/www.denkulturelleskolesekken.no\/akershus\/wp-json\/wp\/v2\/media\/8722"}],"wp:attachment":[{"href":"https:\/\/www.denkulturelleskolesekken.no\/akershus\/wp-json\/wp\/v2\/media?parent=8654"}],"curies":[{"name":"wp","href":"https:\/\/api.w.org\/{rel}","templated":true}]}}