{"id":6089,"date":"2023-02-07T12:48:36","date_gmt":"2023-02-07T12:48:36","guid":{"rendered":"https:\/\/www.denkulturelleskolesekken.no\/viken\/?page_id=6089"},"modified":"2025-08-14T08:38:41","modified_gmt":"2025-08-14T08:38:41","slug":"videohilsen","status":"publish","type":"page","link":"https:\/\/www.denkulturelleskolesekken.no\/akershus\/videohilsen\/","title":{"rendered":"Videohilsen"},"content":{"rendered":"\n<p>Alle produksjoner som skal p\u00e5 turn\u00e9 for DKS f\u00e5r en egen produksjonsside; en nettside med informasjon om produksjonen. To uker f\u00f8r turn\u00e9en starter sender DKS Akershus informasjon til skolene for \u00e5 forberede elevene p\u00e5 bes\u00f8ket. Vi lenker til produksjonssiden, og her \u00f8nsker vi at det ligger en videohilsen fra deg som ut\u00f8ver. En hilsen som kan forberede elevene p\u00e5 hvem og hva de f\u00e5r bes\u00f8k av. <br><br>Filmen b\u00f8r vare rundt 1 minutt, og blir en promotering for deg og din turn\u00e9. Vis gjerne frem noe av det elevene f\u00e5r oppleve. Legg gjerne ved et par korte klipp av produksjonen hvis du har. Vi setter p\u00e5 vignett\/logo og tekster. <\/p>\n\n\n\n<h2 class=\"wp-block-heading\">Videoens innhold<\/h2>\n\n\n\n<ul class=\"wp-block-list\">\n<li> Varighet ca. 1 minutt<\/li>\n\n\n\n<li>Henvend deg direkte til elevene<\/li>\n\n\n\n<li>Introduser deg selv og fortell kort om prosjektet ditt <br>&#8211; Hva du heter og hvor du kommer fra <br>&#8211; Hva du gj\u00f8r som kunstner\/formidler <br>&#8211; Hva du skal gj\u00f8re\/vise dem n\u00e5r du kommer til skolen\/kulturhus<\/li>\n\n\n\n<li>Si gjerne noe om hvordan elevene kan forberede seg til bes\u00f8ket<\/li>\n\n\n\n<li><strong>Husk<\/strong>! Unng\u00e5 \u00e5 nevne skole, trinn, \u00e5rstall, datoer eller geografiske omr\u00e5der, i tilfelle det blir endringer i turn\u00e9en, eller videoen skal brukes igjen p\u00e5 en ny turn\u00e9. <\/li>\n<\/ul>\n\n\n\n<div class=\"wp-block-group\"><div class=\"wp-block-group__inner-container is-layout-flow wp-block-group-is-layout-flow\"><\/div><\/div>\n\n\n\n<h2 class=\"wp-block-heading\">Teknisk<\/h2>\n\n\n\n<ul class=\"wp-block-list\">\n<li>Filmen skal v\u00e6re i liggende\/bredde format<\/li>\n\n\n\n<li>Sett gjerne fra deg telefonen p\u00e5 et stativ\/bord, eller f\u00e5 noen andre til \u00e5 filme deg<\/li>\n\n\n\n<li>Finn et rom\/sted med god belysning<\/li>\n\n\n\n<li>Lyden er viktig, s\u00e5 gj\u00f8r opptak et sted der det ikke er mange forstyrrende lyder. Lyden blir best hvis du ikke st\u00e5r for langt unna mobilen<\/li>\n\n\n\n<li>Vi \u00f8nsker et sammenhengende klipp.<\/li>\n\n\n\n<li>Se gjennom klippet og sjekk at budskapet kommer godt fram<\/li>\n<\/ul>\n\n\n\n<h2 class=\"wp-block-heading\">Opplasting<\/h2>\n\n\n\n<p>Send videosnutten(e) til din produsent via en fildelingstjeneste som WeTransfer, Dropbox eller lignende.<br>Husk \u00e5 gi videoen er forst\u00e5elig navn, og gi beskjed til produsent n\u00e5r video er lastet opp.<\/p>\n\n\n\n<h2 class=\"wp-block-heading\">Eksempler p\u00e5 videohilsen<\/h2>\n\n\n\n<div class=\"wp-block-columns is-layout-flex wp-container-core-columns-is-layout-9d6595d7 wp-block-columns-is-layout-flex\">\n<div class=\"wp-block-column is-layout-flow wp-block-column-is-layout-flow\">\n<figure class=\"wp-block-embed is-type-video is-provider-vimeo wp-block-embed-vimeo wp-embed-aspect-16-9 wp-has-aspect-ratio\"><div class=\"wp-block-embed__wrapper\">\n<iframe loading=\"lazy\" title=\"Lyden av mennesker\" src=\"https:\/\/player.vimeo.com\/video\/1097506035?dnt=1&amp;app_id=122963\" width=\"500\" height=\"281\" frameborder=\"0\" allow=\"autoplay; fullscreen; picture-in-picture; clipboard-write; encrypted-media; web-share\" referrerpolicy=\"strict-origin-when-cross-origin\"><\/iframe>\n<\/div><\/figure>\n<\/div>\n\n\n\n<div class=\"wp-block-column is-layout-flow wp-block-column-is-layout-flow\">\n<figure class=\"wp-block-embed is-type-video is-provider-vimeo wp-block-embed-vimeo wp-embed-aspect-16-9 wp-has-aspect-ratio\"><div class=\"wp-block-embed__wrapper\">\n<iframe loading=\"lazy\" title=\"Bear Hug\" src=\"https:\/\/player.vimeo.com\/video\/946947201?dnt=1&amp;app_id=122963\" width=\"500\" height=\"281\" frameborder=\"0\" allow=\"autoplay; fullscreen; picture-in-picture; clipboard-write; encrypted-media; web-share\" referrerpolicy=\"strict-origin-when-cross-origin\"><\/iframe>\n<\/div><\/figure>\n<\/div>\n<\/div>\n\n\n\n<div class=\"wp-block-columns is-layout-flex wp-container-core-columns-is-layout-9d6595d7 wp-block-columns-is-layout-flex\">\n<div class=\"wp-block-column is-layout-flow wp-block-column-is-layout-flow\">\n<figure class=\"wp-block-embed is-type-video is-provider-vimeo wp-block-embed-vimeo wp-embed-aspect-16-9 wp-has-aspect-ratio\"><div class=\"wp-block-embed__wrapper\">\n<iframe loading=\"lazy\" title=\"Frac\" src=\"https:\/\/player.vimeo.com\/video\/902186099?dnt=1&amp;app_id=122963\" width=\"500\" height=\"281\" frameborder=\"0\" allow=\"autoplay; fullscreen; picture-in-picture; clipboard-write; encrypted-media; web-share\" referrerpolicy=\"strict-origin-when-cross-origin\"><\/iframe>\n<\/div><\/figure>\n<\/div>\n\n\n\n<div class=\"wp-block-column is-layout-flow wp-block-column-is-layout-flow\">\n<figure class=\"wp-block-embed is-type-video is-provider-vimeo wp-block-embed-vimeo wp-embed-aspect-16-9 wp-has-aspect-ratio\"><div class=\"wp-block-embed__wrapper\">\n<iframe loading=\"lazy\" title=\"Storyboard og historiefortelling\" src=\"https:\/\/player.vimeo.com\/video\/1043653630?dnt=1&amp;app_id=122963\" width=\"500\" height=\"281\" frameborder=\"0\" allow=\"autoplay; fullscreen; picture-in-picture; clipboard-write; encrypted-media; web-share\" referrerpolicy=\"strict-origin-when-cross-origin\"><\/iframe>\n<\/div><\/figure>\n<\/div>\n<\/div>\n\n\n\n<div class=\"wp-block-columns is-layout-flex wp-container-core-columns-is-layout-9d6595d7 wp-block-columns-is-layout-flex\">\n<div class=\"wp-block-column is-layout-flow wp-block-column-is-layout-flow\">\n<figure class=\"wp-block-embed is-type-video is-provider-vimeo wp-block-embed-vimeo wp-embed-aspect-16-9 wp-has-aspect-ratio\"><div class=\"wp-block-embed__wrapper\">\n<iframe loading=\"lazy\" title=\"Stepp meg et dikt\" src=\"https:\/\/player.vimeo.com\/video\/1092104779?dnt=1&amp;app_id=122963\" width=\"500\" height=\"281\" frameborder=\"0\" allow=\"autoplay; fullscreen; picture-in-picture; clipboard-write; encrypted-media; web-share\" referrerpolicy=\"strict-origin-when-cross-origin\"><\/iframe>\n<\/div><\/figure>\n<\/div>\n\n\n\n<div class=\"wp-block-column is-layout-flow wp-block-column-is-layout-flow\">\n<figure class=\"wp-block-embed is-type-video is-provider-vimeo wp-block-embed-vimeo wp-embed-aspect-16-9 wp-has-aspect-ratio\"><div class=\"wp-block-embed__wrapper\">\n<iframe loading=\"lazy\" title=\"M\u00f8rkalven\" src=\"https:\/\/player.vimeo.com\/video\/1092048093?dnt=1&amp;app_id=122963\" width=\"500\" height=\"281\" frameborder=\"0\" allow=\"autoplay; fullscreen; picture-in-picture; clipboard-write; encrypted-media; web-share\" referrerpolicy=\"strict-origin-when-cross-origin\"><\/iframe>\n<\/div><\/figure>\n<\/div>\n<\/div>\n","protected":false},"excerpt":{"rendered":"<p>Alle produksjoner som skal p\u00e5 turn\u00e9 for DKS f\u00e5r en egen produksjonsside; en nettside med informasjon om produksjonen. To uker f\u00f8r turn\u00e9en starter sender DKS Akershus informasjon til skolene for \u00e5 forberede elevene p\u00e5 bes\u00f8ket. Vi lenker til produksjonssiden, og her \u00f8nsker vi at det ligger en videohilsen fra deg som ut\u00f8ver. En hilsen som [&hellip;]<\/p>\n","protected":false},"author":26,"featured_media":6121,"parent":0,"menu_order":0,"comment_status":"closed","ping_status":"closed","template":"","meta":{"footnotes":""},"class_list":["post-6089","page","type-page","status-publish","has-post-thumbnail","hentry"],"_links":{"self":[{"href":"https:\/\/www.denkulturelleskolesekken.no\/akershus\/wp-json\/wp\/v2\/pages\/6089","targetHints":{"allow":["GET"]}}],"collection":[{"href":"https:\/\/www.denkulturelleskolesekken.no\/akershus\/wp-json\/wp\/v2\/pages"}],"about":[{"href":"https:\/\/www.denkulturelleskolesekken.no\/akershus\/wp-json\/wp\/v2\/types\/page"}],"author":[{"embeddable":true,"href":"https:\/\/www.denkulturelleskolesekken.no\/akershus\/wp-json\/wp\/v2\/users\/26"}],"replies":[{"embeddable":true,"href":"https:\/\/www.denkulturelleskolesekken.no\/akershus\/wp-json\/wp\/v2\/comments?post=6089"}],"version-history":[{"count":45,"href":"https:\/\/www.denkulturelleskolesekken.no\/akershus\/wp-json\/wp\/v2\/pages\/6089\/revisions"}],"predecessor-version":[{"id":8732,"href":"https:\/\/www.denkulturelleskolesekken.no\/akershus\/wp-json\/wp\/v2\/pages\/6089\/revisions\/8732"}],"wp:featuredmedia":[{"embeddable":true,"href":"https:\/\/www.denkulturelleskolesekken.no\/akershus\/wp-json\/wp\/v2\/media\/6121"}],"wp:attachment":[{"href":"https:\/\/www.denkulturelleskolesekken.no\/akershus\/wp-json\/wp\/v2\/media?parent=6089"}],"curies":[{"name":"wp","href":"https:\/\/api.w.org\/{rel}","templated":true}]}}