{"id":33,"date":"2019-10-31T13:55:54","date_gmt":"2019-10-31T13:55:54","guid":{"rendered":"https:\/\/viken.kulturtanken.app\/?page_id=33"},"modified":"2025-04-11T12:10:41","modified_gmt":"2025-04-11T12:10:41","slug":"hva-er-dks","status":"publish","type":"page","link":"https:\/\/www.denkulturelleskolesekken.no\/akershus\/hva-er-dks\/","title":{"rendered":"Om Den kulturelle skolesekken"},"content":{"rendered":"\n<h2 class=\"wp-block-heading\">DKS Akershus<\/h2>\n\n\n\n<p>Den kulturelle skolesekken Akershus (DKS Akershus) leverer kunst \u2013 og kulturopplevelser til alle elever i fylket, fra de g\u00e5r i  1. klasse p\u00e5 barneskolen og ut videreg\u00e5ende skole. <\/p>\n\n\n\n<p>Profesjonelle ut\u00f8vere, som forfattere, musikere, filmskapere, og skuespillere, gir varierte opplevelser innenfor kunstsjangrene musikk, film, visuell kunst, litteratur, kulturarv, og scenekunst.<\/p>\n\n\n\n<h2 class=\"wp-block-heading has-black-color has-text-color\">Et likeverdig tilbud <\/h2>\n\n\n\n<p>\u00c5rlig setter vi sammen et program av kunst- og kulturopplevelser som skal ut til skolene. Det er viktig  med en profesjonell kvalitet p\u00e5 programmet, og at elevene f\u00e5r et likeverdig tilbud uavhengig av hvor de g\u00e5r p\u00e5 skole. <\/p>\n\n\n\n<p>Vi har ogs\u00e5 et eget program tilpasset elever i <a href=\"https:\/\/www.denkulturelleskolesekken.no\/akershus\/tilrettelagt\/\">Tilrettelagt oppl\u00e6ring<\/a> for \u00e5 im\u00f8tekomme elever med ulike funksjonsforutsetninger. <\/p>\n\n\n\n<h2 class=\"wp-block-heading has-black-color has-text-color\">En nasjonal ordning<\/h2>\n\n\n\n<p>Den kulturelle skolesekken er en nasjonal ordning som bidrar til at alle barn kan m\u00f8te, oppleve, og forst\u00e5 profesjonelle kunst- og kulturuttrykk. <\/p>\n\n\n\n<p>Den kulturelle skolesekkene er et samarbeid mellom Kulturdepartementet, Kunnskapsdepartementet og alle fylkeskommuner og kommuner. <a href=\"https:\/\/www.kulturtanken.no\/\">Kulturtanken<\/a> har det nasjonale ansvaret for ordningen og er underlagt Kulturdepartementet, mens DKS Akershus, under Akershus fylkeskommune, har regionalt ansvar.<\/p>\n\n\n\n<p>Finansieringen skjer hovedsakelig gjennom spillemidler fra Norsk Tipping, fordelt av Kulturdepartementet. Kulturtanken forvalter og kvalitetssikrer DKS, mens hver DKS-enhet i fylker og kommuner selv setter sammen sine programmer.<\/p>\n\n\n\n<p>De nasjonale m\u00e5lene for DKS ordningen er formulert i <em><a rel=\"noreferrer noopener\" href=\"https:\/\/www.regjeringen.no\/no\/dokumenter\/meld.-st.-18-20202021\/id2839455\/?ch=4#kap12\" target=\"_blank\">Meld. St. 18 (2020-2021) Oppleve, skape, dele &#8211; Kunst og kultur for, med og av barn og unge<\/a><\/em><\/p>\n\n\n\n<h2 class=\"wp-block-heading has-black-color has-text-color\">Norges st\u00f8rste arbeidsplass for kunstnere<\/h2>\n\n\n\n<p>Det er profesjonelle kunstnere og ut\u00f8vere som reiser ut til skolene for Den kulturelle skolesekken. I Norge er DKS den st\u00f8rste arbeidsplass for kunstnere, og bare i DKS Akershus er det ca 300 ut\u00f8vere som er p\u00e5 turn\u00e9 i l\u00f8pet av et skole\u00e5r.<\/p>\n\n\n\n<p>Er du kunstner og \u00f8nsker \u00e5 bli ut\u00f8ver i Den kulturelle skolesekken, kan du sende inn s\u00f8knad i den nasjonale <a href=\"https:\/\/www.denkulturelleskolesekken.no\/forside\/om-dks\/utover\/\">s\u00f8knadsportalen.<\/a> Fristen er 1. oktober hvert \u00e5r.<\/p>\n","protected":false},"excerpt":{"rendered":"<p>DKS Akershus Den kulturelle skolesekken Akershus (DKS Akershus) leverer kunst \u2013 og kulturopplevelser til alle elever i fylket, fra de g\u00e5r i 1. klasse p\u00e5 barneskolen og ut videreg\u00e5ende skole. Profesjonelle ut\u00f8vere, som forfattere, musikere, filmskapere, og skuespillere, gir varierte opplevelser innenfor kunstsjangrene musikk, film, visuell kunst, litteratur, kulturarv, og scenekunst. Et likeverdig tilbud \u00c5rlig [&hellip;]<\/p>\n","protected":false},"author":26,"featured_media":3855,"parent":0,"menu_order":0,"comment_status":"closed","ping_status":"closed","template":"","meta":{"footnotes":""},"class_list":["post-33","page","type-page","status-publish","has-post-thumbnail","hentry"],"_links":{"self":[{"href":"https:\/\/www.denkulturelleskolesekken.no\/akershus\/wp-json\/wp\/v2\/pages\/33","targetHints":{"allow":["GET"]}}],"collection":[{"href":"https:\/\/www.denkulturelleskolesekken.no\/akershus\/wp-json\/wp\/v2\/pages"}],"about":[{"href":"https:\/\/www.denkulturelleskolesekken.no\/akershus\/wp-json\/wp\/v2\/types\/page"}],"author":[{"embeddable":true,"href":"https:\/\/www.denkulturelleskolesekken.no\/akershus\/wp-json\/wp\/v2\/users\/26"}],"replies":[{"embeddable":true,"href":"https:\/\/www.denkulturelleskolesekken.no\/akershus\/wp-json\/wp\/v2\/comments?post=33"}],"version-history":[{"count":45,"href":"https:\/\/www.denkulturelleskolesekken.no\/akershus\/wp-json\/wp\/v2\/pages\/33\/revisions"}],"predecessor-version":[{"id":8441,"href":"https:\/\/www.denkulturelleskolesekken.no\/akershus\/wp-json\/wp\/v2\/pages\/33\/revisions\/8441"}],"wp:featuredmedia":[{"embeddable":true,"href":"https:\/\/www.denkulturelleskolesekken.no\/akershus\/wp-json\/wp\/v2\/media\/3855"}],"wp:attachment":[{"href":"https:\/\/www.denkulturelleskolesekken.no\/akershus\/wp-json\/wp\/v2\/media?parent=33"}],"curies":[{"name":"wp","href":"https:\/\/api.w.org\/{rel}","templated":true}]}}