{"id":1676,"date":"2020-05-25T09:43:37","date_gmt":"2020-05-25T09:43:37","guid":{"rendered":"https:\/\/www.denkulturelleskolesekken.no\/viken\/?page_id=1676"},"modified":"2026-04-08T14:42:48","modified_gmt":"2026-04-08T14:42:48","slug":"program-videregaende-skole","status":"publish","type":"page","link":"https:\/\/www.denkulturelleskolesekken.no\/akershus\/program-videregaende-skole\/","title":{"rendered":"Videreg\u00e5ende skole"},"content":{"rendered":"\n<p>DKS Akershus tilbyr et program tilpasset videreg\u00e5ende skole. Programmet spenner over alle kunstformer med produksjoner innen musikk, scenekunst, film, kulturarv, litteratur og visuell kunst.<\/p>\n\n\n\n<p>De fleste produksjonene vil finne sted p\u00e5 skolene, men noen opplevelser er p\u00e5 kulturhus, galleri, museum og kino. V\u00e5rt m\u00e5l er \u00e5 berike elevenes l\u00e6ring, og bidra med \u00e5 n\u00e5 m\u00e5lene i overordnet del av l\u00e6rerplanen.&nbsp;<\/p>\n\n\n\n<h2 class=\"wp-block-heading\">Program<\/h2>\n\n\n\n<p><a href=\"https:\/\/www.denkulturelleskolesekken.no\/akershus\/utforsk-produksjoner-i-dks\/#\/eyJ2aWV3IjoibGlzdCIsInNvcnQiOiIiLCJhY2FkZW1pY1llYXJJZCI6OCwic2tpcCI6MCwibGltaXQiOjE1LCJpdGVtc1BlclBhZ2UiOjE1LCJoYXNNb3JlIjpudWxsLCJleHBpcnkiOjE3MTI2Njc3NTQ5MzUsIm9wZW5BbGxFdmVudHMiOmZhbHNlLCJicmFuY2hPZmZpY2VJZHMiOltdLCJyZXZpc2lvbiI6bnVsbCwib3BlbiI6dHJ1ZSwieWVhckxldmVscyI6W1sxMSwxM11dfQ==\">Program for videreg\u00e5ende skole finner du i DKS-portalen<\/a>.<\/p>\n\n\n\n<p>Programmet er ogs\u00e5 tilgjengelig i v\u00e5r katalog som sendes til skolene hvert \u00e5r. Katalogen kan ogs\u00e5 leses digitalt, eller lastes ned som pdf:<\/p>\n\n\n\n<div class=\"wp-block-columns is-layout-flex wp-container-core-columns-is-layout-9d6595d7 wp-block-columns-is-layout-flex\">\n<div class=\"wp-block-column is-layout-flow wp-block-column-is-layout-flow\" style=\"flex-basis:33.33%\">\n<figure class=\"wp-block-image size-full\"><img loading=\"lazy\" decoding=\"async\" width=\"420\" height=\"595\" src=\"https:\/\/cdn.denkulturelleskolesekken.no\/akershus\/77a531e8-forside-vgs-katalog.jpg\" alt=\"\" class=\"wp-image-8973\" srcset=\"https:\/\/cdn.denkulturelleskolesekken.no\/akershus\/77a531e8-forside-vgs-katalog.jpg 420w, https:\/\/cdn.denkulturelleskolesekken.no\/akershus\/77a531e8-forside-vgs-katalog-212x300.jpg 212w\" sizes=\"auto, (max-width: 420px) 100vw, 420px\" \/><\/figure>\n<\/div>\n\n\n\n<div class=\"wp-block-column is-layout-flow wp-block-column-is-layout-flow\" style=\"flex-basis:66.66%\">\n<p><br>Bla i katalogen, eller last den ned som PDF: <br><a href=\"https:\/\/indd.adobe.com\/view\/b012d310-01da-4eff-9345-322cbe4e2170\" target=\"_blank\" rel=\"noreferrer noopener\">Valgfritt program videreg\u00e5ende skole 2026\/27<\/a><\/p>\n<\/div>\n<\/div>\n\n\n\n<h3 class=\"wp-block-heading\">Bestilling<\/h3>\n\n\n\n<p>For \u00e5 bestille produksjoner m\u00e5 du logge inn i DKS- Portalen p\u00e5 v\u00e5r nettside. Inkluder gjerne elever i utvelgelsen av produksjonene. Vi pr\u00f8ver \u00e5<br>im\u00f8tekomme alle \u00f8nsker s\u00e5 godt vi kan. Der det er stor p\u00e5gang, fordeler vi etter produksjonenes kapasitet.&nbsp;<\/p>\n\n\n\n<p>Frist for bestilling:<strong> 30. april<\/strong><\/p>\n\n\n\n<p>Tilbud om produksjoner med tidspunkt for DKS-bes\u00f8k sendes skolene: <strong>10. august<\/strong><\/p>\n\n\n\n<p>Frist for \u00f8nske om endringer: <strong>5. september<\/strong><\/p>\n\n\n\n<p>Avlysninger etter 5. september gir store \u00f8konomiske kostnader fordi DKS Akershus er bundet av kontrakter med kunstnerne. Husk derfor \u00e5 legge inn alle DKS-bes\u00f8k i skolens \u00e5rsplan ved skolestart!<br><\/p>\n\n\n\n<p><strong>Transport<\/strong><br>For transport til bes\u00f8k utenfor skolen, ta kontakt med DKS Akershus. Vi dekker dette etter avtale. <\/p>\n\n\n\n<div style=\"height:30px\" aria-hidden=\"true\" class=\"wp-block-spacer\"><\/div>\n\n\n<div id=\"pl-gb1676-69fb78479f40c\"  class=\"panel-layout wp-block-siteorigin-panels-layout-block\" ><div id=\"pg-gb1676-69fb78479f40c-0\"  class=\"panel-grid panel-no-style\" ><div id=\"pgc-gb1676-69fb78479f40c-0-0\"  class=\"panel-grid-cell\" ><div id=\"panel-gb1676-69fb78479f40c-0-0-0\" class=\"so-panel widget widget_sow-accordion panel-first-child panel-last-child\" data-index=\"0\" ><div\n\t\t\t\n\t\t\tclass=\"so-widget-sow-accordion so-widget-sow-accordion-default-2497e3b6f42e-1676\"\n\t\t\t\n\t\t><div>\n\t<div class=\"sow-accordion\">\n\t\t\t<div class=\"sow-accordion-panel\n\t\t\t\t\"\n\t\t\tdata-anchor-id=\"hvordan-bestiller-du\">\n\t\t\t\t<div class=\"sow-accordion-panel-header-container\" role=\"heading\" aria-level=\"2\">\n\t\t\t\t\t<div class=\"sow-accordion-panel-header\" tabindex=\"0\" role=\"button\" id=\"accordion-label-hvordan-bestiller-du\" aria-controls=\"accordion-content-hvordan-bestiller-du\" aria-expanded=\"false\">\n\t\t\t\t\t\t<div class=\"sow-accordion-title sow-accordion-title-icon-left\">\n\t\t\t\t\t\t\t\t\t\t\t\t\t\tHvordan bestiller du?\t\t\t\t\t\t\t\t\t\t\t\t\t<\/div>\n\t\t\t\t\t\t<div class=\"sow-accordion-open-close-button\">\n\t\t\t\t\t\t\t<div class=\"sow-accordion-open-button\">\n\t\t\t\t\t\t\t\t<span class=\"sow-icon-ionicons\" data-sow-icon=\"&#xf218;\"\n\t\t \n\t\taria-hidden=\"true\"><\/span>\t\t\t\t\t\t\t<\/div>\n\t\t\t\t\t\t\t<div class=\"sow-accordion-close-button\">\n\t\t\t\t\t\t\t\t<span class=\"sow-icon-ionicons\" data-sow-icon=\"&#xf209;\"\n\t\t \n\t\taria-hidden=\"true\"><\/span>\t\t\t\t\t\t\t<\/div>\n\t\t\t\t\t\t<\/div>\n\t\t\t\t\t<\/div>\n\t\t\t\t<\/div>\n\n\t\t\t<div\n\t\t\t\tclass=\"sow-accordion-panel-content\"\n\t\t\t\trole=\"region\"\n\t\t\t\taria-labelledby=\"accordion-label-hvordan-bestiller-du\"\n\t\t\t\tid=\"accordion-content-hvordan-bestiller-du\"\n\t\t\t\tstyle=\"display: none;\"\t\t\t>\n\t\t\t\t<div class=\"sow-accordion-panel-border\">\n\t\t\t\t\t<p style=\"font-weight: 400;\"><\/p>\n<p>Bestilling av produksjoner gj\u00f8r du via skolens side i DKS-portalen:<\/p>\n<ul>\n<li>G\u00e5 til menylinjen \u00f8verst p\u00e5 denne siden, og trykk &#8220;Logg inn&#8221;<\/li>\n<li>G\u00e5 til hamburgermenyen i venstre hj\u00f8rne og trykk p\u00e5 &#8220;Produksjoner&#8221;<\/li>\n<li>Trykk p\u00e5 produksjonen dere \u00f8nsker<\/li>\n<li>Velg klasser og trinn (oppsatte klasser er veiledende og skolen kan endre dette i etterkant)<\/li>\n<li>Sjekk at kontaktperson og kontaktinfo til skolen stemmer<\/li>\n<li>Legg inn informasjon om elevgruppen hvis det er relevant<\/li>\n<li>Avslutt med \u00abMeld interesse\u00bb<\/li>\n<li>\u00d8nsker dere flere produksjoner, g\u00e5r dere til &#8220;Meld interesse&#8221; i menyen \u00f8verst p\u00e5 siden.<\/li>\n<\/ul>\n<p><a href=\"https:\/\/vimeo.com\/1078319213\/261e15674f?share=copy\">Se en video med beskrivelse av hvordan du bestiller produksjoner p\u00e5 Vimeo<\/a><\/p>\n<p>P\u00e5 DKS sin nasjonale nettside, <a href=\"https:\/\/www.denkulturelleskolesekken.no\/dks-portalen\/kulturkontakt\/\" target=\"_blank\" rel=\"noopener\">&#8220;DKS-portalen for skole og kulturkontakter&#8221;<\/a>, finner du mer informasjon om DKS-portalen. Her kan du lese om hvordan du redigerer skolens kontaktinformasjon, registrerer timeplan, skolerute og klasser.<\/p>\n<p>&nbsp;<\/p>\n\t\t\t\t<\/div>\n\t\t\t<\/div>\n\t\t<\/div>\n\t\t<\/div>\n<\/div>\n<\/div><\/div><\/div><\/div><\/div>\n\n\n<h3 class=\"wp-block-heading\"><\/h3>\n\n\n<div id=\"pl-gb1676-69fb7847e3459\"  class=\"panel-layout wp-block-siteorigin-panels-layout-block\" ><div id=\"pg-gb1676-69fb7847e3459-0\"  class=\"panel-grid panel-no-style\" ><div id=\"pgc-gb1676-69fb7847e3459-0-0\"  class=\"panel-grid-cell\" ><div id=\"panel-gb1676-69fb7847e3459-0-0-0\" class=\"so-panel widget widget_sow-accordion panel-first-child panel-last-child\" data-index=\"0\" ><div\n\t\t\t\n\t\t\tclass=\"so-widget-sow-accordion so-widget-sow-accordion-default-2497e3b6f42e-1676\"\n\t\t\t\n\t\t><div>\n\t<div class=\"sow-accordion\">\n\t\t\t<div class=\"sow-accordion-panel\n\t\t\t\t\"\n\t\t\tdata-anchor-id=\"kontakt\">\n\t\t\t\t<div class=\"sow-accordion-panel-header-container\" role=\"heading\" aria-level=\"2\">\n\t\t\t\t\t<div class=\"sow-accordion-panel-header\" tabindex=\"0\" role=\"button\" id=\"accordion-label-kontakt\" aria-controls=\"accordion-content-kontakt\" aria-expanded=\"false\">\n\t\t\t\t\t\t<div class=\"sow-accordion-title sow-accordion-title-icon-left\">\n\t\t\t\t\t\t\t\t\t\t\t\t\t\tKontakt\t\t\t\t\t\t\t\t\t\t\t\t\t<\/div>\n\t\t\t\t\t\t<div class=\"sow-accordion-open-close-button\">\n\t\t\t\t\t\t\t<div class=\"sow-accordion-open-button\">\n\t\t\t\t\t\t\t\t<span class=\"sow-icon-ionicons\" data-sow-icon=\"&#xf218;\"\n\t\t \n\t\taria-hidden=\"true\"><\/span>\t\t\t\t\t\t\t<\/div>\n\t\t\t\t\t\t\t<div class=\"sow-accordion-close-button\">\n\t\t\t\t\t\t\t\t<span class=\"sow-icon-ionicons\" data-sow-icon=\"&#xf209;\"\n\t\t \n\t\taria-hidden=\"true\"><\/span>\t\t\t\t\t\t\t<\/div>\n\t\t\t\t\t\t<\/div>\n\t\t\t\t\t<\/div>\n\t\t\t\t<\/div>\n\n\t\t\t<div\n\t\t\t\tclass=\"sow-accordion-panel-content\"\n\t\t\t\trole=\"region\"\n\t\t\t\taria-labelledby=\"accordion-label-kontakt\"\n\t\t\t\tid=\"accordion-content-kontakt\"\n\t\t\t\tstyle=\"display: none;\"\t\t\t>\n\t\t\t\t<div class=\"sow-accordion-panel-border\">\n\t\t\t\t\t<p class=\"p1\"><b>Har du sp\u00f8rsm\u00e5l, ta kontakt med v\u00e5r vgs-koordinator:<\/b><\/p>\n<p class=\"p1\"><span class=\"s1\">Bertha-Cecilie \u00d8vergaard<br \/>\n<\/span><span class=\"s1\">berthao@afk.no<br \/>\n<\/span><span class=\"s1\">Tlf: 984 95 340 <\/span><\/p>\n\t\t\t\t<\/div>\n\t\t\t<\/div>\n\t\t<\/div>\n\t\t<\/div>\n<\/div>\n<\/div><\/div><\/div><\/div><\/div>\n\n\n<h3 class=\"wp-block-heading\"><\/h3>\n\n\n\n<div style=\"height:68px\" aria-hidden=\"true\" class=\"wp-block-spacer\"><\/div>\n\n\n\n<p><\/p>\n","protected":false},"excerpt":{"rendered":"<p>DKS Akershus tilbyr et program tilpasset videreg\u00e5ende skole. Programmet spenner over alle kunstformer med produksjoner innen musikk, scenekunst, film, kulturarv, litteratur og visuell kunst. De fleste produksjonene vil finne sted p\u00e5 skolene, men noen opplevelser er p\u00e5 kulturhus, galleri, museum og kino. V\u00e5rt m\u00e5l er \u00e5 berike elevenes l\u00e6ring, og bidra med \u00e5 n\u00e5 m\u00e5lene [&hellip;]<\/p>\n","protected":false},"author":10,"featured_media":8976,"parent":0,"menu_order":0,"comment_status":"closed","ping_status":"closed","template":"","meta":{"footnotes":""},"class_list":["post-1676","page","type-page","status-publish","has-post-thumbnail","hentry"],"_links":{"self":[{"href":"https:\/\/www.denkulturelleskolesekken.no\/akershus\/wp-json\/wp\/v2\/pages\/1676","targetHints":{"allow":["GET"]}}],"collection":[{"href":"https:\/\/www.denkulturelleskolesekken.no\/akershus\/wp-json\/wp\/v2\/pages"}],"about":[{"href":"https:\/\/www.denkulturelleskolesekken.no\/akershus\/wp-json\/wp\/v2\/types\/page"}],"author":[{"embeddable":true,"href":"https:\/\/www.denkulturelleskolesekken.no\/akershus\/wp-json\/wp\/v2\/users\/10"}],"replies":[{"embeddable":true,"href":"https:\/\/www.denkulturelleskolesekken.no\/akershus\/wp-json\/wp\/v2\/comments?post=1676"}],"version-history":[{"count":305,"href":"https:\/\/www.denkulturelleskolesekken.no\/akershus\/wp-json\/wp\/v2\/pages\/1676\/revisions"}],"predecessor-version":[{"id":8986,"href":"https:\/\/www.denkulturelleskolesekken.no\/akershus\/wp-json\/wp\/v2\/pages\/1676\/revisions\/8986"}],"wp:featuredmedia":[{"embeddable":true,"href":"https:\/\/www.denkulturelleskolesekken.no\/akershus\/wp-json\/wp\/v2\/media\/8976"}],"wp:attachment":[{"href":"https:\/\/www.denkulturelleskolesekken.no\/akershus\/wp-json\/wp\/v2\/media?parent=1676"}],"curies":[{"name":"wp","href":"https:\/\/api.w.org\/{rel}","templated":true}]}}