{"id":1301,"date":"2020-04-24T13:26:41","date_gmt":"2020-04-24T13:26:41","guid":{"rendered":"https:\/\/www.denkulturelleskolesekken.no\/viken\/?page_id=1301"},"modified":"2025-04-28T14:33:54","modified_gmt":"2025-04-28T14:33:54","slug":"tilrettelagt","status":"publish","type":"page","link":"https:\/\/www.denkulturelleskolesekken.no\/akershus\/tilrettelagt\/","title":{"rendered":"Tilrettelagt"},"content":{"rendered":"\n<h2 class=\"wp-block-heading\">Hva er program for Tilrettelagt?<\/h2>\n\n\n\n<p>Den kulturelle skolesekken Akershus har et eget program for elever med funksjonsvariasjoner. Tilrettelagt er et program som inkluderer alle barn. <\/p>\n\n\n\n<p>Vi er s\u00e6rlig opptatt av fysisk tilgjengelighet, tilpasset lys \u2013og lydniv\u00e5, samt st\u00f8rrelse p\u00e5 elevgruppen. Sanselighet, non-verbal kommunikasjon og improvisasjon\u00a0preger produksjonene vi tilbyr.<\/p>\n\n\n\n<p>Programmet har en fleksibel innretning. Skolebes\u00f8kene tilpasses elevenes ulike kognitive niv\u00e5 og behov. M\u00e5let v\u00e5rt er \u00e5 sikre alle elever gode kunstopplevelser p\u00e5 sine egen premisser. <\/p>\n\n\n\n<h2 class=\"wp-block-heading\">Programoversikt<\/h2>\n\n\n\n<div class=\"wp-block-group\"><div class=\"wp-block-group__inner-container is-layout-constrained wp-block-group-is-layout-constrained\"><div id=\"pl-gb1301-69fb794039989\"  class=\"panel-layout wp-block-siteorigin-panels-layout-block\" ><div id=\"pg-gb1301-69fb794039989-0\"  class=\"panel-grid panel-has-style\" ><div class=\"panel-row-style panel-row-style-for-gb1301-69fb794039989-0\" ><div id=\"pgc-gb1301-69fb794039989-0-0\"  class=\"panel-grid-cell\" ><div id=\"panel-gb1301-69fb794039989-0-0-0\" class=\"so-panel widget widget_media_image panel-first-child\" data-index=\"0\" ><a href=\"https:\/\/www.denkulturelleskolesekken.no\/akershus\/utforsk-produksjoner-i-dks\/?produksjon=10988\"><img loading=\"lazy\" decoding=\"async\" width=\"1200\" height=\"1200\" src=\"https:\/\/cdn.denkulturelleskolesekken.no\/akershus\/127ade89-hermit-kvadrat.jpg\" class=\"image wp-image-8534  attachment-full size-full wp-stateless-item\" alt=\"\" style=\"max-width: 100%; height: auto;\" srcset=\"https:\/\/cdn.denkulturelleskolesekken.no\/akershus\/127ade89-hermit-kvadrat.jpg 1200w, https:\/\/cdn.denkulturelleskolesekken.no\/akershus\/127ade89-hermit-kvadrat-300x300.jpg 300w, https:\/\/cdn.denkulturelleskolesekken.no\/akershus\/127ade89-hermit-kvadrat-1024x1024.jpg 1024w, https:\/\/cdn.denkulturelleskolesekken.no\/akershus\/127ade89-hermit-kvadrat-150x150.jpg 150w, https:\/\/cdn.denkulturelleskolesekken.no\/akershus\/127ade89-hermit-kvadrat-768x768.jpg 768w\" sizes=\"auto, (max-width: 1200px) 100vw, 1200px\" data-image-size=\"full\" data-stateless-media-bucket=\"kulturtanken-wordpress-cdn\" data-stateless-media-name=\"akershus\/127ade89-hermit-kvadrat.jpg\" \/><\/a><\/div><div id=\"panel-gb1301-69fb794039989-0-0-1\" class=\"so-panel widget widget_sow-editor panel-last-child\" data-index=\"1\" ><div class=\"panel-widget-style panel-widget-style-for-gb1301-69fb794039989-0-0-1\" ><div\n\t\t\t\n\t\t\tclass=\"so-widget-sow-editor so-widget-sow-editor-base\"\n\t\t\t\n\t\t>\n<div class=\"siteorigin-widget-tinymce textwidget\">\n\t<h4><a href=\"https:\/\/www.denkulturelleskolesekken.no\/akershus\/utforsk-produksjoner-i-dks\/?produksjon=19584&amp;previewToken=b293553a33cd57944c6acc23038a4f73&amp;timestamp=1745567164679\"><strong>Hermit<\/strong><\/a><\/h4>\n<\/div>\n<\/div><\/div><\/div><\/div><div id=\"pgc-gb1301-69fb794039989-0-1\"  class=\"panel-grid-cell\" ><div id=\"panel-gb1301-69fb794039989-0-1-0\" class=\"so-panel widget widget_media_image panel-first-child\" data-index=\"2\" ><a href=\"https:\/\/www.denkulturelleskolesekken.no\/akershus\/utforsk-produksjoner-i-dks\/?produksjon=10988\"><img loading=\"lazy\" decoding=\"async\" width=\"1200\" height=\"1200\" src=\"https:\/\/cdn.denkulturelleskolesekken.no\/akershus\/7c4eb93c-hysj-med-beige_kvadrat.jpg\" class=\"image wp-image-8596  attachment-full size-full wp-stateless-item\" alt=\"\" style=\"max-width: 100%; height: auto;\" srcset=\"https:\/\/cdn.denkulturelleskolesekken.no\/akershus\/7c4eb93c-hysj-med-beige_kvadrat.jpg 1200w, https:\/\/cdn.denkulturelleskolesekken.no\/akershus\/7c4eb93c-hysj-med-beige_kvadrat-300x300.jpg 300w, https:\/\/cdn.denkulturelleskolesekken.no\/akershus\/7c4eb93c-hysj-med-beige_kvadrat-1024x1024.jpg 1024w, https:\/\/cdn.denkulturelleskolesekken.no\/akershus\/7c4eb93c-hysj-med-beige_kvadrat-150x150.jpg 150w, https:\/\/cdn.denkulturelleskolesekken.no\/akershus\/7c4eb93c-hysj-med-beige_kvadrat-768x768.jpg 768w\" sizes=\"auto, (max-width: 1200px) 100vw, 1200px\" data-image-size=\"full\" data-stateless-media-bucket=\"kulturtanken-wordpress-cdn\" data-stateless-media-name=\"akershus\/7c4eb93c-hysj-med-beige_kvadrat.jpg\" \/><\/a><\/div><div id=\"panel-gb1301-69fb794039989-0-1-1\" class=\"so-panel widget widget_sow-editor panel-last-child\" data-index=\"3\" ><div class=\"panel-widget-style panel-widget-style-for-gb1301-69fb794039989-0-1-1\" ><div\n\t\t\t\n\t\t\tclass=\"so-widget-sow-editor so-widget-sow-editor-base\"\n\t\t\t\n\t\t>\n<div class=\"siteorigin-widget-tinymce textwidget\">\n\t<h4><a href=\"https:\/\/www.denkulturelleskolesekken.no\/akershus\/utforsk-produksjoner-i-dks\/?produksjon=17140&amp;previewToken=23195701d7cbeb45bfd4268a9382d8e3&amp;timestamp=1745567145647\">Hysj<\/a><\/h4>\n<\/div>\n<\/div><\/div><\/div><\/div><div id=\"pgc-gb1301-69fb794039989-0-2\"  class=\"panel-grid-cell\" ><div id=\"panel-gb1301-69fb794039989-0-2-0\" class=\"so-panel widget widget_media_image panel-first-child\" data-index=\"4\" ><a href=\"https:\/\/www.denkulturelleskolesekken.no\/akershus\/utforsk-produksjoner-i-dks\/?produksjon=10988\"><img loading=\"lazy\" decoding=\"async\" width=\"300\" height=\"300\" src=\"https:\/\/cdn.denkulturelleskolesekken.no\/viken\/224d4bd4-lydrommet_2023_foto-tanja-steen_14_kvadrat.jpg\" class=\"image wp-image-6635  attachment-300x300 size-300x300 wp-stateless-item\" alt=\"\" style=\"max-width: 100%; height: auto;\" srcset=\"https:\/\/cdn.denkulturelleskolesekken.no\/viken\/224d4bd4-lydrommet_2023_foto-tanja-steen_14_kvadrat.jpg 300w, https:\/\/cdn.denkulturelleskolesekken.no\/viken\/224d4bd4-lydrommet_2023_foto-tanja-steen_14_kvadrat-150x150.jpg 150w\" sizes=\"auto, (max-width: 300px) 100vw, 300px\" data-image-size=\"300x300\" data-stateless-media-bucket=\"kulturtanken-wordpress-cdn\" data-stateless-media-name=\"viken\/224d4bd4-lydrommet_2023_foto-tanja-steen_14_kvadrat.jpg\" \/><\/a><\/div><div id=\"panel-gb1301-69fb794039989-0-2-1\" class=\"so-panel widget widget_sow-editor panel-last-child\" data-index=\"5\" ><div class=\"panel-widget-style panel-widget-style-for-gb1301-69fb794039989-0-2-1\" ><div\n\t\t\t\n\t\t\tclass=\"so-widget-sow-editor so-widget-sow-editor-base\"\n\t\t\t\n\t\t>\n<div class=\"siteorigin-widget-tinymce textwidget\">\n\t<h4><a href=\"https:\/\/www.denkulturelleskolesekken.no\/akershus\/utforsk-produksjoner-i-dks\/?produksjon=19553\">Lydrommet<\/a><\/h4>\n<\/div>\n<\/div><\/div><\/div><\/div><div id=\"pgc-gb1301-69fb794039989-0-3\"  class=\"panel-grid-cell\" ><div id=\"panel-gb1301-69fb794039989-0-3-0\" class=\"so-panel widget widget_media_image panel-first-child\" data-index=\"6\" ><a href=\"https:\/\/www.denkulturelleskolesekken.no\/akershus\/utforsk-produksjoner-i-dks\/?produksjon=14512\"><img loading=\"lazy\" decoding=\"async\" width=\"300\" height=\"300\" src=\"https:\/\/cdn.denkulturelleskolesekken.no\/akershus\/a038d934-makker-kvadrat.jpg\" class=\"image wp-image-8171  attachment-full size-full wp-stateless-item\" alt=\"Tegning av to abstrakte mennesker\" style=\"max-width: 100%; height: auto;\" srcset=\"https:\/\/cdn.denkulturelleskolesekken.no\/akershus\/a038d934-makker-kvadrat.jpg 300w, https:\/\/cdn.denkulturelleskolesekken.no\/akershus\/a038d934-makker-kvadrat-150x150.jpg 150w\" sizes=\"auto, (max-width: 300px) 100vw, 300px\" data-image-size=\"full\" data-stateless-media-bucket=\"kulturtanken-wordpress-cdn\" data-stateless-media-name=\"akershus\/a038d934-makker-kvadrat.jpg\" \/><\/a><\/div><div id=\"panel-gb1301-69fb794039989-0-3-1\" class=\"so-panel widget widget_sow-editor panel-last-child\" data-index=\"7\" ><div class=\"panel-widget-style panel-widget-style-for-gb1301-69fb794039989-0-3-1\" ><div\n\t\t\t\n\t\t\tclass=\"so-widget-sow-editor so-widget-sow-editor-base\"\n\t\t\t\n\t\t>\n<div class=\"siteorigin-widget-tinymce textwidget\">\n\t<h4><a href=\"https:\/\/www.denkulturelleskolesekken.no\/akershus\/utforsk-produksjoner-i-dks\/?produksjon=19583\">Makker<\/a><\/h4>\n<\/div>\n<\/div><\/div><\/div><\/div><\/div><\/div><div id=\"pg-gb1301-69fb794039989-1\"  class=\"panel-grid panel-has-style\" ><div class=\"panel-row-style panel-row-style-for-gb1301-69fb794039989-1\" ><div id=\"pgc-gb1301-69fb794039989-1-0\"  class=\"panel-grid-cell\" ><div id=\"panel-gb1301-69fb794039989-1-0-0\" class=\"so-panel widget widget_media_image panel-first-child\" data-index=\"8\" ><a href=\"https:\/\/www.denkulturelleskolesekken.no\/akershus\/utforsk-produksjoner-i-dks\/?produksjon=15849\"><img loading=\"lazy\" decoding=\"async\" width=\"300\" height=\"300\" src=\"https:\/\/cdn.denkulturelleskolesekken.no\/akershus\/6d01de96-pixillasjon-kvadrat.jpg\" class=\"image wp-image-8166  attachment-full size-full wp-stateless-item\" alt=\"Mann som peker p\u00e5 en ipad som st\u00e5r p\u00e5 et stativ\" style=\"max-width: 100%; height: auto;\" srcset=\"https:\/\/cdn.denkulturelleskolesekken.no\/akershus\/6d01de96-pixillasjon-kvadrat.jpg 300w, https:\/\/cdn.denkulturelleskolesekken.no\/akershus\/6d01de96-pixillasjon-kvadrat-150x150.jpg 150w\" sizes=\"auto, (max-width: 300px) 100vw, 300px\" data-image-size=\"full\" data-stateless-media-bucket=\"kulturtanken-wordpress-cdn\" data-stateless-media-name=\"akershus\/6d01de96-pixillasjon-kvadrat.jpg\" \/><\/a><\/div><div id=\"panel-gb1301-69fb794039989-1-0-1\" class=\"so-panel widget widget_sow-editor panel-last-child\" data-index=\"9\" ><div class=\"panel-widget-style panel-widget-style-for-gb1301-69fb794039989-1-0-1\" ><div\n\t\t\t\n\t\t\tclass=\"so-widget-sow-editor so-widget-sow-editor-base\"\n\t\t\t\n\t\t>\n<div class=\"siteorigin-widget-tinymce textwidget\">\n\t<h4><a href=\"https:\/\/www.denkulturelleskolesekken.no\/akershus\/utforsk-produksjoner-i-dks\/?produksjon=19516\">Pixillasjon<\/a><\/h4>\n<\/div>\n<\/div><\/div><\/div><\/div><div id=\"pgc-gb1301-69fb794039989-1-1\"  class=\"panel-grid-cell\" ><div id=\"panel-gb1301-69fb794039989-1-1-0\" class=\"so-panel widget widget_media_image panel-first-child\" data-index=\"10\" ><a href=\"https:\/\/www.denkulturelleskolesekken.no\/akershus\/utforsk-produksjoner-i-dks\/?produksjon=15849\"><img loading=\"lazy\" decoding=\"async\" width=\"645\" height=\"645\" src=\"https:\/\/cdn.denkulturelleskolesekken.no\/akershus\/a2c14f7b-si-ja-til-maleri-og-fiolin_kvadrat.jpg\" class=\"image wp-image-8538  attachment-full size-full wp-stateless-item\" alt=\"\" style=\"max-width: 100%; height: auto;\" srcset=\"https:\/\/cdn.denkulturelleskolesekken.no\/akershus\/a2c14f7b-si-ja-til-maleri-og-fiolin_kvadrat.jpg 645w, https:\/\/cdn.denkulturelleskolesekken.no\/akershus\/a2c14f7b-si-ja-til-maleri-og-fiolin_kvadrat-300x300.jpg 300w, https:\/\/cdn.denkulturelleskolesekken.no\/akershus\/a2c14f7b-si-ja-til-maleri-og-fiolin_kvadrat-150x150.jpg 150w\" sizes=\"auto, (max-width: 645px) 100vw, 645px\" data-image-size=\"full\" data-stateless-media-bucket=\"kulturtanken-wordpress-cdn\" data-stateless-media-name=\"akershus\/a2c14f7b-si-ja-til-maleri-og-fiolin_kvadrat.jpg\" \/><\/a><\/div><div id=\"panel-gb1301-69fb794039989-1-1-1\" class=\"so-panel widget widget_sow-editor panel-last-child\" data-index=\"11\" ><div class=\"panel-widget-style panel-widget-style-for-gb1301-69fb794039989-1-1-1\" ><div\n\t\t\t\n\t\t\tclass=\"so-widget-sow-editor so-widget-sow-editor-base\"\n\t\t\t\n\t\t>\n<div class=\"siteorigin-widget-tinymce textwidget\">\n\t<h4><a href=\"https:\/\/www.denkulturelleskolesekken.no\/akershus\/utforsk-produksjoner-i-dks\/?produksjon=19502&amp;previewToken=6af7e97ea43374a6cd5ec767a1962316&amp;timestamp=1745567155663\">Si ja<\/a><\/h4>\n<\/div>\n<\/div><\/div><\/div><\/div><div id=\"pgc-gb1301-69fb794039989-1-2\"  class=\"panel-grid-cell\" ><div id=\"panel-gb1301-69fb794039989-1-2-0\" class=\"so-panel widget widget_media_image panel-first-child\" data-index=\"12\" ><a href=\"https:\/\/www.denkulturelleskolesekken.no\/akershus\/utforsk-produksjoner-i-dks\/?produksjon=14554\"><img loading=\"lazy\" decoding=\"async\" width=\"959\" height=\"959\" src=\"https:\/\/cdn.denkulturelleskolesekken.no\/akershus\/ebcee133-smeltasang-kvadrat.jpg\" class=\"image wp-image-8580  attachment-full size-full wp-stateless-item\" alt=\"\" style=\"max-width: 100%; height: auto;\" srcset=\"https:\/\/cdn.denkulturelleskolesekken.no\/akershus\/ebcee133-smeltasang-kvadrat.jpg 959w, https:\/\/cdn.denkulturelleskolesekken.no\/akershus\/ebcee133-smeltasang-kvadrat-300x300.jpg 300w, https:\/\/cdn.denkulturelleskolesekken.no\/akershus\/ebcee133-smeltasang-kvadrat-150x150.jpg 150w, https:\/\/cdn.denkulturelleskolesekken.no\/akershus\/ebcee133-smeltasang-kvadrat-768x768.jpg 768w\" sizes=\"auto, (max-width: 959px) 100vw, 959px\" data-image-size=\"full\" data-stateless-media-bucket=\"kulturtanken-wordpress-cdn\" data-stateless-media-name=\"akershus\/ebcee133-smeltasang-kvadrat.jpg\" \/><\/a><\/div><div id=\"panel-gb1301-69fb794039989-1-2-1\" class=\"so-panel widget widget_sow-editor panel-last-child\" data-index=\"13\" ><div class=\"panel-widget-style panel-widget-style-for-gb1301-69fb794039989-1-2-1\" ><div\n\t\t\t\n\t\t\tclass=\"so-widget-sow-editor so-widget-sow-editor-base\"\n\t\t\t\n\t\t>\n<div class=\"siteorigin-widget-tinymce textwidget\">\n\t<h4><a href=\"https:\/\/www.denkulturelleskolesekken.no\/akershus\/utforsk-produksjoner-i-dks\/?produksjon=19554\">Smeltasang<\/a><\/h4>\n<\/div>\n<\/div><\/div><\/div><\/div><div id=\"pgc-gb1301-69fb794039989-1-3\"  class=\"panel-grid-cell\" ><div id=\"panel-gb1301-69fb794039989-1-3-0\" class=\"so-panel widget widget_media_image panel-first-child\" data-index=\"14\" ><a href=\"https:\/\/www.denkulturelleskolesekken.no\/akershus\/utforsk-produksjoner-i-dks\/?produksjon=15850\"><img loading=\"lazy\" decoding=\"async\" width=\"712\" height=\"712\" src=\"https:\/\/cdn.denkulturelleskolesekken.no\/akershus\/ba8748b8-sudesh_photo_yanivcohen-5770_kvadrat.jpg\" class=\"image wp-image-8540  attachment-full size-full wp-stateless-item\" alt=\"\" style=\"max-width: 100%; height: auto;\" srcset=\"https:\/\/cdn.denkulturelleskolesekken.no\/akershus\/ba8748b8-sudesh_photo_yanivcohen-5770_kvadrat.jpg 712w, https:\/\/cdn.denkulturelleskolesekken.no\/akershus\/ba8748b8-sudesh_photo_yanivcohen-5770_kvadrat-300x300.jpg 300w, https:\/\/cdn.denkulturelleskolesekken.no\/akershus\/ba8748b8-sudesh_photo_yanivcohen-5770_kvadrat-150x150.jpg 150w\" sizes=\"auto, (max-width: 712px) 100vw, 712px\" data-image-size=\"full\" data-stateless-media-bucket=\"kulturtanken-wordpress-cdn\" data-stateless-media-name=\"akershus\/ba8748b8-sudesh_photo_yanivcohen-5770_kvadrat.jpg\" \/><\/a><\/div><div id=\"panel-gb1301-69fb794039989-1-3-1\" class=\"so-panel widget widget_sow-editor panel-last-child\" data-index=\"15\" ><div class=\"panel-widget-style panel-widget-style-for-gb1301-69fb794039989-1-3-1\" ><div\n\t\t\t\n\t\t\tclass=\"so-widget-sow-editor so-widget-sow-editor-base\"\n\t\t\t\n\t\t>\n<div class=\"siteorigin-widget-tinymce textwidget\">\n\t<h4><a href=\"https:\/\/www.denkulturelleskolesekken.no\/akershus\/utforsk-produksjoner-i-dks\/?produksjon=19504&amp;previewToken=f3c5b22375a9518283a83cce38f5ac45&amp;timestamp=1745567175485\">Sudesh danser indisk<\/a><\/h4>\n<\/div>\n<\/div><\/div><\/div><\/div><\/div><\/div><\/div><\/div><\/div>\n\n\n\n<div style=\"height:20px\" aria-hidden=\"true\" class=\"wp-block-spacer\"><\/div>\n\n\n\n<h3 class=\"wp-block-heading\">Katalog<\/h3>\n\n\n\n<p>Programmet finner du ogs\u00e5 i v\u00e5r katalog:<\/p>\n\n\n\n<div class=\"wp-block-columns is-layout-flex wp-container-core-columns-is-layout-9d6595d7 wp-block-columns-is-layout-flex\">\n<div class=\"wp-block-column is-layout-flow wp-block-column-is-layout-flow\" style=\"flex-basis:33.33%\">\n<figure class=\"wp-block-image size-full\"><img loading=\"lazy\" decoding=\"async\" width=\"420\" height=\"595\" src=\"https:\/\/cdn.denkulturelleskolesekken.no\/akershus\/87ae5a33-tilrettelagt-2025-26_digital-katalog.jpg\" alt=\"Forside brosjyre Program for Tilrettelagt\" class=\"wp-image-8602\" srcset=\"https:\/\/cdn.denkulturelleskolesekken.no\/akershus\/87ae5a33-tilrettelagt-2025-26_digital-katalog.jpg 420w, https:\/\/cdn.denkulturelleskolesekken.no\/akershus\/87ae5a33-tilrettelagt-2025-26_digital-katalog-212x300.jpg 212w\" sizes=\"auto, (max-width: 420px) 100vw, 420px\" \/><\/figure>\n<\/div>\n\n\n\n<div class=\"wp-block-column is-layout-flow wp-block-column-is-layout-flow\" style=\"flex-basis:66.66%\">\n<p><br>Bla i katalogen, eller last den ned som PDF: <br><a href=\"https:\/\/indd.adobe.com\/view\/653a14af-8190-4d71-aeaf-9c1e46c40b43\" target=\"_blank\" rel=\"noreferrer noopener\">Program Tilrettelagt 2025\/26<\/a><\/p>\n<\/div>\n<\/div>\n\n\n\n<h3 class=\"wp-block-heading\">Bestilling<\/h3>\n\n\n\n<p>Programmet er valgfritt. For \u00e5 bestille produksjoner m\u00e5 du <a href=\"https:\/\/portal.denkulturelleskolesekken.no\/r\/school\/_\/booking\/\">logge deg inn i DKS-portalen<\/a>.<\/p>\n\n\n\n<p>Frist for bestilling:<strong>&nbsp;16 mai<\/strong><\/p>\n\n\n\n<div style=\"height:20px\" aria-hidden=\"true\" class=\"wp-block-spacer\"><\/div>\n\n\n<div id=\"pl-gb1301-69fb7940601aa\"  class=\"panel-layout wp-block-siteorigin-panels-layout-block\" ><div id=\"pg-gb1301-69fb7940601aa-0\"  class=\"panel-grid panel-no-style\" ><div id=\"pgc-gb1301-69fb7940601aa-0-0\"  class=\"panel-grid-cell\" ><div id=\"panel-gb1301-69fb7940601aa-0-0-0\" class=\"so-panel widget widget_sow-accordion panel-first-child panel-last-child\" data-index=\"0\" ><div\n\t\t\t\n\t\t\tclass=\"so-widget-sow-accordion so-widget-sow-accordion-default-2497e3b6f42e-1301\"\n\t\t\t\n\t\t><div>\n\t<div class=\"sow-accordion\">\n\t\t\t<div class=\"sow-accordion-panel\n\t\t\t\t\"\n\t\t\tdata-anchor-id=\"hvordan-bestiller-du\">\n\t\t\t\t<div class=\"sow-accordion-panel-header-container\" role=\"heading\" aria-level=\"2\">\n\t\t\t\t\t<div class=\"sow-accordion-panel-header\" tabindex=\"0\" role=\"button\" id=\"accordion-label-hvordan-bestiller-du\" aria-controls=\"accordion-content-hvordan-bestiller-du\" aria-expanded=\"false\">\n\t\t\t\t\t\t<div class=\"sow-accordion-title sow-accordion-title-icon-left\">\n\t\t\t\t\t\t\t\t\t\t\t\t\t\tHvordan bestiller du?\t\t\t\t\t\t\t\t\t\t\t\t\t<\/div>\n\t\t\t\t\t\t<div class=\"sow-accordion-open-close-button\">\n\t\t\t\t\t\t\t<div class=\"sow-accordion-open-button\">\n\t\t\t\t\t\t\t\t<span class=\"sow-icon-ionicons\" data-sow-icon=\"&#xf218;\"\n\t\t \n\t\taria-hidden=\"true\"><\/span>\t\t\t\t\t\t\t<\/div>\n\t\t\t\t\t\t\t<div class=\"sow-accordion-close-button\">\n\t\t\t\t\t\t\t\t<span class=\"sow-icon-ionicons\" data-sow-icon=\"&#xf209;\"\n\t\t \n\t\taria-hidden=\"true\"><\/span>\t\t\t\t\t\t\t<\/div>\n\t\t\t\t\t\t<\/div>\n\t\t\t\t\t<\/div>\n\t\t\t\t<\/div>\n\n\t\t\t<div\n\t\t\t\tclass=\"sow-accordion-panel-content\"\n\t\t\t\trole=\"region\"\n\t\t\t\taria-labelledby=\"accordion-label-hvordan-bestiller-du\"\n\t\t\t\tid=\"accordion-content-hvordan-bestiller-du\"\n\t\t\t\tstyle=\"display: none;\"\t\t\t>\n\t\t\t\t<div class=\"sow-accordion-panel-border\">\n\t\t\t\t\t<p style=\"font-weight: 400;\"><\/p>\n<p>Bestilling av produksjoner gj\u00f8r du via skolens side i DKS-portalen:<\/p>\n<ul>\n<li>G\u00e5 til menylinjen \u00f8verst p\u00e5 denne siden, og trykk &#8220;Logg inn&#8221;<\/li>\n<li>G\u00e5 til hamburgermenyen i venstre hj\u00f8rne og trykk p\u00e5 &#8220;Produksjoner&#8221;<\/li>\n<li>Trykk p\u00e5 produksjonen dere \u00f8nsker<\/li>\n<li>Velg klasser og trinn (oppsatte klasser er veiledende og skolen kan endre dette i etterkant)<\/li>\n<li>Sjekk at kontaktperson og kontaktinfo til skolen stemmer<\/li>\n<li>Legg inn informasjon om elevgruppen hvis det er relevant<\/li>\n<li>Avslutt med \u00abMeld interesse\u00bb<\/li>\n<li>\u00d8nsker dere flere produksjoner, g\u00e5r dere til &#8220;Meld interesse&#8221; i menyen \u00f8verst p\u00e5 siden.<\/li>\n<\/ul>\n<p><a href=\"https:\/\/vimeo.com\/1078319213\/261e15674f?share=copy\">Se en video med beskrivelse av hvordan du bestiller produksjoner p\u00e5 Vimeo<\/a><\/p>\n<p>P\u00e5 DKS sin nasjonale nettside, <a href=\"https:\/\/www.denkulturelleskolesekken.no\/dks-portalen\/kulturkontakt\/\" target=\"_blank\" rel=\"noopener\">&#8220;DKS-portalen for skole og kulturkontakter&#8221;<\/a>, finner du mer informasjon om DKS-portalen. Her kan du lese om hvordan du redigerer skolens kontaktinformasjon, registrerer timeplan, skolerute og klasser.<\/p>\n<p>&nbsp;<\/p>\n\t\t\t\t<\/div>\n\t\t\t<\/div>\n\t\t<\/div>\n\t\t<\/div>\n<\/div>\n<\/div><\/div><\/div><\/div><\/div>\n\n<div id=\"pl-gb1301-69fb794077765\"  class=\"panel-layout wp-block-siteorigin-panels-layout-block\" ><div id=\"pg-gb1301-69fb794077765-0\"  class=\"panel-grid panel-no-style\" ><div id=\"pgc-gb1301-69fb794077765-0-0\"  class=\"panel-grid-cell\" ><div id=\"panel-gb1301-69fb794077765-0-0-0\" class=\"so-panel widget widget_sow-accordion panel-first-child panel-last-child\" data-index=\"0\" ><div\n\t\t\t\n\t\t\tclass=\"so-widget-sow-accordion so-widget-sow-accordion-default-2497e3b6f42e-1301\"\n\t\t\t\n\t\t><div>\n\t<div class=\"sow-accordion\">\n\t\t\t<div class=\"sow-accordion-panel\n\t\t\t\t\"\n\t\t\tdata-anchor-id=\"kontakt\">\n\t\t\t\t<div class=\"sow-accordion-panel-header-container\" role=\"heading\" aria-level=\"2\">\n\t\t\t\t\t<div class=\"sow-accordion-panel-header\" tabindex=\"0\" role=\"button\" id=\"accordion-label-kontakt\" aria-controls=\"accordion-content-kontakt\" aria-expanded=\"false\">\n\t\t\t\t\t\t<div class=\"sow-accordion-title sow-accordion-title-icon-left\">\n\t\t\t\t\t\t\t\t\t\t\t\t\t\tKontakt\t\t\t\t\t\t\t\t\t\t\t\t\t<\/div>\n\t\t\t\t\t\t<div class=\"sow-accordion-open-close-button\">\n\t\t\t\t\t\t\t<div class=\"sow-accordion-open-button\">\n\t\t\t\t\t\t\t\t<span class=\"sow-icon-ionicons\" data-sow-icon=\"&#xf218;\"\n\t\t \n\t\taria-hidden=\"true\"><\/span>\t\t\t\t\t\t\t<\/div>\n\t\t\t\t\t\t\t<div class=\"sow-accordion-close-button\">\n\t\t\t\t\t\t\t\t<span class=\"sow-icon-ionicons\" data-sow-icon=\"&#xf209;\"\n\t\t \n\t\taria-hidden=\"true\"><\/span>\t\t\t\t\t\t\t<\/div>\n\t\t\t\t\t\t<\/div>\n\t\t\t\t\t<\/div>\n\t\t\t\t<\/div>\n\n\t\t\t<div\n\t\t\t\tclass=\"sow-accordion-panel-content\"\n\t\t\t\trole=\"region\"\n\t\t\t\taria-labelledby=\"accordion-label-kontakt\"\n\t\t\t\tid=\"accordion-content-kontakt\"\n\t\t\t\tstyle=\"display: none;\"\t\t\t>\n\t\t\t\t<div class=\"sow-accordion-panel-border\">\n\t\t\t\t\t<p class=\"p1\"><span class=\"s1\">For mer informasjon, kontakt:<\/span><\/p>\n<p class=\"p1\"><strong>Jon Tombre\u00a0<\/strong><\/p>\n<p class=\"p1\">E-post: jontom@afk.no<\/p>\n<p class=\"p1\">Tlf: 913 89 955<\/p>\n\t\t\t\t<\/div>\n\t\t\t<\/div>\n\t\t<\/div>\n\t\t<\/div>\n<\/div>\n<\/div><\/div><\/div><\/div><\/div>\n\n\n<div style=\"height:20px\" aria-hidden=\"true\" class=\"wp-block-spacer\"><\/div>\n\n\n\n<div style=\"height:40px\" aria-hidden=\"true\" class=\"wp-block-spacer\"><\/div>\n\n\n\n<h3 class=\"wp-block-heading\">Arkiv<\/h3>\n\n\n\n<p>Se tidlligere program fra 2024\/25:<\/p>\n\n\n\n<div class=\"wp-block-columns is-layout-flex wp-container-core-columns-is-layout-9d6595d7 wp-block-columns-is-layout-flex\">\n<div class=\"wp-block-column is-layout-flow wp-block-column-is-layout-flow\" style=\"flex-basis:33.33%\">\n<figure class=\"wp-block-image size-full\"><img loading=\"lazy\" decoding=\"async\" width=\"420\" height=\"595\" src=\"https:\/\/cdn.denkulturelleskolesekken.no\/akershus\/a22b7a0e-tilrettelagt-2024-25_katalog_red-2025.jpg\" alt=\"\" class=\"wp-image-8520\" srcset=\"https:\/\/cdn.denkulturelleskolesekken.no\/akershus\/a22b7a0e-tilrettelagt-2024-25_katalog_red-2025.jpg 420w, https:\/\/cdn.denkulturelleskolesekken.no\/akershus\/a22b7a0e-tilrettelagt-2024-25_katalog_red-2025-212x300.jpg 212w\" sizes=\"auto, (max-width: 420px) 100vw, 420px\" \/><\/figure>\n<\/div>\n\n\n\n<div class=\"wp-block-column is-layout-flow wp-block-column-is-layout-flow\" style=\"flex-basis:66.66%\">\n<p>Bla i katalogen, eller last den ned som PDF: <br><a href=\"https:\/\/indd.adobe.com\/view\/373d5e9d-fcc0-41df-a83e-c741d08a5a47\" target=\"_blank\" rel=\"noreferrer noopener\">Program Tilrettelagt 2024\/25<\/a><\/p>\n<\/div>\n<\/div>\n\n\n\n<div style=\"height:40px\" aria-hidden=\"true\" class=\"wp-block-spacer\"><\/div>\n\n\n\n<p><\/p>\n","protected":false},"excerpt":{"rendered":"<p>Hva er program for Tilrettelagt? Den kulturelle skolesekken Akershus har et eget program for elever med funksjonsvariasjoner. Tilrettelagt er et program som inkluderer alle barn. Vi er s\u00e6rlig opptatt av fysisk tilgjengelighet, tilpasset lys \u2013og lydniv\u00e5, samt st\u00f8rrelse p\u00e5 elevgruppen. Sanselighet, non-verbal kommunikasjon og improvisasjon\u00a0preger produksjonene vi tilbyr. Programmet har en fleksibel innretning. Skolebes\u00f8kene tilpasses [&hellip;]<\/p>\n","protected":false},"author":10,"featured_media":8598,"parent":0,"menu_order":0,"comment_status":"closed","ping_status":"closed","template":"","meta":{"footnotes":""},"class_list":["post-1301","page","type-page","status-publish","has-post-thumbnail","hentry"],"_links":{"self":[{"href":"https:\/\/www.denkulturelleskolesekken.no\/akershus\/wp-json\/wp\/v2\/pages\/1301","targetHints":{"allow":["GET"]}}],"collection":[{"href":"https:\/\/www.denkulturelleskolesekken.no\/akershus\/wp-json\/wp\/v2\/pages"}],"about":[{"href":"https:\/\/www.denkulturelleskolesekken.no\/akershus\/wp-json\/wp\/v2\/types\/page"}],"author":[{"embeddable":true,"href":"https:\/\/www.denkulturelleskolesekken.no\/akershus\/wp-json\/wp\/v2\/users\/10"}],"replies":[{"embeddable":true,"href":"https:\/\/www.denkulturelleskolesekken.no\/akershus\/wp-json\/wp\/v2\/comments?post=1301"}],"version-history":[{"count":285,"href":"https:\/\/www.denkulturelleskolesekken.no\/akershus\/wp-json\/wp\/v2\/pages\/1301\/revisions"}],"predecessor-version":[{"id":8627,"href":"https:\/\/www.denkulturelleskolesekken.no\/akershus\/wp-json\/wp\/v2\/pages\/1301\/revisions\/8627"}],"wp:featuredmedia":[{"embeddable":true,"href":"https:\/\/www.denkulturelleskolesekken.no\/akershus\/wp-json\/wp\/v2\/media\/8598"}],"wp:attachment":[{"href":"https:\/\/www.denkulturelleskolesekken.no\/akershus\/wp-json\/wp\/v2\/media?parent=1301"}],"curies":[{"name":"wp","href":"https:\/\/api.w.org\/{rel}","templated":true}]}}