{"id":116,"date":"2019-12-10T12:08:47","date_gmt":"2019-12-10T12:08:47","guid":{"rendered":"https:\/\/viken.kulturtanken.app\/?page_id=116"},"modified":"2025-01-03T12:47:58","modified_gmt":"2025-01-03T12:47:58","slug":"program","status":"publish","type":"page","link":"https:\/\/www.denkulturelleskolesekken.no\/akershus\/program\/","title":{"rendered":"Om programmet"},"content":{"rendered":"\n<h2 class=\"wp-block-heading\">Kunstopplevelser for alle barn og unge<\/h2>\n\n\n\n<p>\u00c5rlig setter vi sammen et program av kunst- og kulturopplevelser som skal ut til skolene. DKS Akershus leverer kunst og kultur til elever i hele grunnskolen og videreg\u00e5ende skole i fylket. DKS Akershus har ogs\u00e5 et omfattende\u00a0<a href=\"https:\/\/www.denkulturelleskolesekken.no\/akershus\/tilrettelagt\/\">tilrettelagt program<\/a>\u00a0for elever med funksjonsvariasjoner. <\/p>\n\n\n\n<p>Det er viktig for oss at tilbudet er av h\u00f8y kvalitet, og at elevene skal f\u00e5 et likeverdig tilbud uavhengig hvor i Akershus fylke elevene bor og g\u00e5r p\u00e5 skole. V\u00e5rt felles m\u00e5l er \u00e5 skape best mulige kunstopplevelser for alle barn og unge.<\/p>\n\n\n\n<h2 class=\"wp-block-heading\">Bredde i kunstuttrykk<\/h2>\n\n\n\n<p>Programmet skal vise bredde innenfor seks kunst- og kulturuttrykk: film, kulturarv, visuell kunst, musikk og scenekunst. Uttrykkene fordeles p\u00e5 f\u00f8lgende m\u00e5te p\u00e5 de ulike klassetrinnene:<\/p>\n\n\n\n<ul class=\"wp-block-list\">\n<li>Litteratur programmeres for 3., 6., 9. trinn og videreg\u00e5ende skole<\/li>\n\n\n\n<li>Film programmeres for 4., 7., 10. trinn og videreg\u00e5ende skole<\/li>\n\n\n\n<li>Visuell kunst programmeres for 2., 5., 8. trinn og videreg\u00e5ende skole<\/li>\n\n\n\n<li>Kulturarv programmeres for 4., 6. trinn og videreg\u00e5ende skole<\/li>\n\n\n\n<li>Musikk og scenekunst programmeres p\u00e5 alle trinn<\/li>\n<\/ul>\n\n\n\n<div style=\"height:20px\" aria-hidden=\"true\" class=\"wp-block-spacer\"><\/div>\n\n\n<div id=\"pl-gb116-69fb782789efe\"  class=\"panel-layout wp-block-siteorigin-panels-layout-block\" ><div id=\"pg-gb116-69fb782789efe-0\"  class=\"panel-grid panel-no-style\" ><div id=\"pgc-gb116-69fb782789efe-0-0\"  class=\"panel-grid-cell\" ><div id=\"panel-gb116-69fb782789efe-0-0-0\" class=\"so-panel widget widget_media_image panel-first-child panel-last-child\" data-index=\"0\" ><img loading=\"lazy\" decoding=\"async\" width=\"300\" height=\"300\" src=\"https:\/\/cdn.denkulturelleskolesekken.no\/akershus\/a1656b64-dks_ikoner_visuell-kunst1-300x300.png\" class=\"image wp-image-7701  attachment-medium size-medium wp-stateless-item\" alt=\"\" style=\"max-width: 100%; height: auto;\" srcset=\"https:\/\/cdn.denkulturelleskolesekken.no\/akershus\/a1656b64-dks_ikoner_visuell-kunst1-300x300.png 300w, https:\/\/cdn.denkulturelleskolesekken.no\/akershus\/a1656b64-dks_ikoner_visuell-kunst1-150x150.png 150w, https:\/\/cdn.denkulturelleskolesekken.no\/akershus\/a1656b64-dks_ikoner_visuell-kunst1-768x767.png 768w, https:\/\/cdn.denkulturelleskolesekken.no\/akershus\/a1656b64-dks_ikoner_visuell-kunst1.png 925w\" sizes=\"auto, (max-width: 300px) 100vw, 300px\" data-image-size=\"medium\" data-stateless-media-bucket=\"kulturtanken-wordpress-cdn\" data-stateless-media-name=\"akershus\/a1656b64-dks_ikoner_visuell-kunst1.png\" \/><\/div><\/div><div id=\"pgc-gb116-69fb782789efe-0-1\"  class=\"panel-grid-cell\" ><div id=\"panel-gb116-69fb782789efe-0-1-0\" class=\"so-panel widget widget_media_image panel-first-child panel-last-child\" data-index=\"1\" ><img loading=\"lazy\" decoding=\"async\" width=\"300\" height=\"300\" src=\"https:\/\/cdn.denkulturelleskolesekken.no\/akershus\/0ea3bc84-dks_ikoner_film1-300x300.png\" class=\"image wp-image-7699  attachment-medium size-medium wp-stateless-item\" alt=\"\" style=\"max-width: 100%; height: auto;\" srcset=\"https:\/\/cdn.denkulturelleskolesekken.no\/akershus\/0ea3bc84-dks_ikoner_film1-300x300.png 300w, https:\/\/cdn.denkulturelleskolesekken.no\/akershus\/0ea3bc84-dks_ikoner_film1-150x150.png 150w, https:\/\/cdn.denkulturelleskolesekken.no\/akershus\/0ea3bc84-dks_ikoner_film1-768x768.png 768w, https:\/\/cdn.denkulturelleskolesekken.no\/akershus\/0ea3bc84-dks_ikoner_film1.png 923w\" sizes=\"auto, (max-width: 300px) 100vw, 300px\" data-image-size=\"medium\" data-stateless-media-bucket=\"kulturtanken-wordpress-cdn\" data-stateless-media-name=\"akershus\/0ea3bc84-dks_ikoner_film1.png\" \/><\/div><\/div><div id=\"pgc-gb116-69fb782789efe-0-2\"  class=\"panel-grid-cell\" ><div id=\"panel-gb116-69fb782789efe-0-2-0\" class=\"so-panel widget widget_media_image panel-first-child panel-last-child\" data-index=\"2\" ><img loading=\"lazy\" decoding=\"async\" width=\"300\" height=\"300\" src=\"https:\/\/cdn.denkulturelleskolesekken.no\/akershus\/b704dd32-dks_ikoner_litteratur1-300x300.png\" class=\"image wp-image-7697  attachment-medium size-medium wp-stateless-item\" alt=\"\" style=\"max-width: 100%; height: auto;\" srcset=\"https:\/\/cdn.denkulturelleskolesekken.no\/akershus\/b704dd32-dks_ikoner_litteratur1-300x300.png 300w, https:\/\/cdn.denkulturelleskolesekken.no\/akershus\/b704dd32-dks_ikoner_litteratur1-150x150.png 150w, https:\/\/cdn.denkulturelleskolesekken.no\/akershus\/b704dd32-dks_ikoner_litteratur1-768x768.png 768w, https:\/\/cdn.denkulturelleskolesekken.no\/akershus\/b704dd32-dks_ikoner_litteratur1.png 923w\" sizes=\"auto, (max-width: 300px) 100vw, 300px\" data-image-size=\"medium\" data-stateless-media-bucket=\"kulturtanken-wordpress-cdn\" data-stateless-media-name=\"akershus\/b704dd32-dks_ikoner_litteratur1.png\" \/><\/div><\/div><div id=\"pgc-gb116-69fb782789efe-0-3\"  class=\"panel-grid-cell\" ><div id=\"panel-gb116-69fb782789efe-0-3-0\" class=\"so-panel widget widget_media_image panel-first-child panel-last-child\" data-index=\"3\" ><img loading=\"lazy\" decoding=\"async\" width=\"300\" height=\"300\" src=\"https:\/\/cdn.denkulturelleskolesekken.no\/akershus\/14695c19-dks_ikoner_musikk1-300x300.png\" class=\"image wp-image-7695  attachment-medium size-medium wp-stateless-item\" alt=\"\" style=\"max-width: 100%; height: auto;\" srcset=\"https:\/\/cdn.denkulturelleskolesekken.no\/akershus\/14695c19-dks_ikoner_musikk1-300x300.png 300w, https:\/\/cdn.denkulturelleskolesekken.no\/akershus\/14695c19-dks_ikoner_musikk1-150x150.png 150w, https:\/\/cdn.denkulturelleskolesekken.no\/akershus\/14695c19-dks_ikoner_musikk1-768x767.png 768w, https:\/\/cdn.denkulturelleskolesekken.no\/akershus\/14695c19-dks_ikoner_musikk1.png 925w\" sizes=\"auto, (max-width: 300px) 100vw, 300px\" data-image-size=\"medium\" data-stateless-media-bucket=\"kulturtanken-wordpress-cdn\" data-stateless-media-name=\"akershus\/14695c19-dks_ikoner_musikk1.png\" \/><\/div><\/div><div id=\"pgc-gb116-69fb782789efe-0-4\"  class=\"panel-grid-cell\" ><div id=\"panel-gb116-69fb782789efe-0-4-0\" class=\"so-panel widget widget_media_image panel-first-child panel-last-child\" data-index=\"4\" ><img loading=\"lazy\" decoding=\"async\" width=\"300\" height=\"300\" src=\"https:\/\/cdn.denkulturelleskolesekken.no\/akershus\/7795f584-dks_ikoner_scenekunst1-300x300.png\" class=\"image wp-image-7693  attachment-medium size-medium wp-stateless-item\" alt=\"\" style=\"max-width: 100%; height: auto;\" srcset=\"https:\/\/cdn.denkulturelleskolesekken.no\/akershus\/7795f584-dks_ikoner_scenekunst1-300x300.png 300w, https:\/\/cdn.denkulturelleskolesekken.no\/akershus\/7795f584-dks_ikoner_scenekunst1-150x150.png 150w, https:\/\/cdn.denkulturelleskolesekken.no\/akershus\/7795f584-dks_ikoner_scenekunst1-768x767.png 768w, https:\/\/cdn.denkulturelleskolesekken.no\/akershus\/7795f584-dks_ikoner_scenekunst1.png 925w\" sizes=\"auto, (max-width: 300px) 100vw, 300px\" data-image-size=\"medium\" data-stateless-media-bucket=\"kulturtanken-wordpress-cdn\" data-stateless-media-name=\"akershus\/7795f584-dks_ikoner_scenekunst1.png\" \/><\/div><\/div><div id=\"pgc-gb116-69fb782789efe-0-5\"  class=\"panel-grid-cell\" ><div id=\"panel-gb116-69fb782789efe-0-5-0\" class=\"so-panel widget widget_media_image panel-first-child panel-last-child\" data-index=\"5\" ><img loading=\"lazy\" decoding=\"async\" width=\"300\" height=\"300\" src=\"https:\/\/cdn.denkulturelleskolesekken.no\/akershus\/14cd681c-dks_ikoner_kulturarv1-300x300.png\" class=\"image wp-image-7690  attachment-medium size-medium wp-stateless-item\" alt=\"\" style=\"max-width: 100%; height: auto;\" srcset=\"https:\/\/cdn.denkulturelleskolesekken.no\/akershus\/14cd681c-dks_ikoner_kulturarv1-300x300.png 300w, https:\/\/cdn.denkulturelleskolesekken.no\/akershus\/14cd681c-dks_ikoner_kulturarv1-150x150.png 150w, https:\/\/cdn.denkulturelleskolesekken.no\/akershus\/14cd681c-dks_ikoner_kulturarv1-768x768.png 768w, https:\/\/cdn.denkulturelleskolesekken.no\/akershus\/14cd681c-dks_ikoner_kulturarv1.png 924w\" sizes=\"auto, (max-width: 300px) 100vw, 300px\" data-image-size=\"medium\" data-stateless-media-bucket=\"kulturtanken-wordpress-cdn\" data-stateless-media-name=\"akershus\/14cd681c-dks_ikoner_kulturarv1.png\" \/><\/div><\/div><\/div><\/div>\n\n\n<div style=\"height:20px\" aria-hidden=\"true\" class=\"wp-block-spacer\"><\/div>\n\n\n\n<blockquote class=\"wp-block-quote is-style-large is-layout-flow wp-block-quote-is-layout-flow\">\n<p>&#8220;Ingen annen publikumsgruppe er s\u00e5 \u00e6rlige som\u202felever\u202fi DKS. De kan v\u00e6re n\u00e5del\u00f8se om ikke kunsten gir mening. Innimellom oppst\u00e5r likevel magien, og varer kanskje noen minutter. Men hvilke minutter! P\u00e5 sitt beste kan en kunstopplevelse gj\u00f8re livet verdt \u00e5 leve, slik en elev i Viken slo fast etter en teaterforestilling i gymsalen&#8221;<\/p>\n<cite>Johannes Hafnor, tidligere enhetsleder for formidling i DKS Viken<\/cite><\/blockquote>\n\n\n\n<p><\/p>\n","protected":false},"excerpt":{"rendered":"<p>Kunstopplevelser for alle barn og unge \u00c5rlig setter vi sammen et program av kunst- og kulturopplevelser som skal ut til skolene. DKS Akershus leverer kunst og kultur til elever i hele grunnskolen og videreg\u00e5ende skole i fylket. DKS Akershus har ogs\u00e5 et omfattende\u00a0tilrettelagt program\u00a0for elever med funksjonsvariasjoner. Det er viktig for oss at tilbudet er [&hellip;]<\/p>\n","protected":false},"author":26,"featured_media":4288,"parent":0,"menu_order":0,"comment_status":"closed","ping_status":"closed","template":"","meta":{"footnotes":""},"class_list":["post-116","page","type-page","status-publish","has-post-thumbnail","hentry"],"_links":{"self":[{"href":"https:\/\/www.denkulturelleskolesekken.no\/akershus\/wp-json\/wp\/v2\/pages\/116","targetHints":{"allow":["GET"]}}],"collection":[{"href":"https:\/\/www.denkulturelleskolesekken.no\/akershus\/wp-json\/wp\/v2\/pages"}],"about":[{"href":"https:\/\/www.denkulturelleskolesekken.no\/akershus\/wp-json\/wp\/v2\/types\/page"}],"author":[{"embeddable":true,"href":"https:\/\/www.denkulturelleskolesekken.no\/akershus\/wp-json\/wp\/v2\/users\/26"}],"replies":[{"embeddable":true,"href":"https:\/\/www.denkulturelleskolesekken.no\/akershus\/wp-json\/wp\/v2\/comments?post=116"}],"version-history":[{"count":54,"href":"https:\/\/www.denkulturelleskolesekken.no\/akershus\/wp-json\/wp\/v2\/pages\/116\/revisions"}],"predecessor-version":[{"id":8339,"href":"https:\/\/www.denkulturelleskolesekken.no\/akershus\/wp-json\/wp\/v2\/pages\/116\/revisions\/8339"}],"wp:featuredmedia":[{"embeddable":true,"href":"https:\/\/www.denkulturelleskolesekken.no\/akershus\/wp-json\/wp\/v2\/media\/4288"}],"wp:attachment":[{"href":"https:\/\/www.denkulturelleskolesekken.no\/akershus\/wp-json\/wp\/v2\/media?parent=116"}],"curies":[{"name":"wp","href":"https:\/\/api.w.org\/{rel}","templated":true}]}}