{"id":989,"date":"2022-12-15T08:59:38","date_gmt":"2022-12-15T08:59:38","guid":{"rendered":"https:\/\/www.denkulturelleskolesekken.no\/agder\/?page_id=989"},"modified":"2026-02-05T15:00:40","modified_gmt":"2026-02-05T15:00:40","slug":"bestilling-av-buss","status":"publish","type":"page","link":"https:\/\/www.denkulturelleskolesekken.no\/agder\/bestilling-av-buss\/","title":{"rendered":"Bestilling av buss"},"content":{"rendered":"\n<p>Veiledning til bestilling av buss for elevtransport til DKS-tilbud i regi av Fylkeskommunen.<\/p>\n\n\n\n<p>Fylkeskommunen betaler busstransport der det er n\u00f8dvendig for tilbud fra Den kulturelle skolesekken.<br>Skoler som trenger buss bestiller selv billigste alternativ for eksempel fra ett av selskapene angitt under.<\/p>\n\n\n\n<p>Vi har ikke faste avtaler med busselskap. For sm\u00e5 skoler kan det v\u00e6re \u00f8konomisk \u00e5 bruke&nbsp;maxitaxi i stedet. Bruk det billigste tilbudet som fungerer tilfredsstillende.<\/p>\n\n\n\n<p>Gi beskjed om at&nbsp;regningene m\u00e5 utstedes til fylkeskommunen.<\/p>\n\n\n\n<p>Fakturaadresse:<br>Agder fylkeskommune:<br>Postboks 788 Stoa, 4809 Arendal,&nbsp;merket med ressursnr. 91287.<br>EHF: 921&nbsp;707&nbsp;134<br>&nbsp;<br>Be busselskapet merke regning med navn p\u00e5 produksjon, dato og navn p\u00e5 skolen.<\/p>\n\n\n\n<p><em>Det er ogs\u00e5 viktig \u00e5 skille mellom tilbudene fra kommunen og tilbudene fra&nbsp;fylkeskommunen slik at regningene kommer til riktig adressat.&nbsp;<\/em><\/p>\n\n\n\n<p><strong>Sirdalsbussen<\/strong>, reidun@sirdalsbussen.no tlf. 993 60 593<br>Har kontor i Lyngdal og dekker hele fylket.<\/p>\n\n\n\n<p><strong>S\u00f8rlandsruta<\/strong>,\u00a0tlf. 38278200<br>Mandal, Farsund, Lindesnes, Lyngdal, Marnardal, Audnedal, H\u00e6gebostad<\/p>\n\n\n\n<p><strong>Boreal\u00a0Travel<\/strong>,\u00a0e-post:\u00a0<a href=\"mailto:tur@boreal.no\">tur@boreal.no<\/a><br>(Bruker i hovedsak epost, men kan ogs\u00e5 treffes p\u00e5\u00a0tlf:\u00a051599060.)<br>Har kontor i Kristiansand og Lyngdal\u00a0og dekker hele fylket.\u00a0<\/p>\n\n\n\n<p><strong>Setesdal Bilruter<\/strong>,\u00a0tlf. 37934400<\/p>\n\n\n\n<p>\u00c5seral Lokale taxisentraler der det er aktuelt med maxitaxi<\/p>\n\n\n\n<p><strong>Frolandsruta<\/strong> post@frolandsruta.no tlf. 480 74 666<\/p>\n\n\n\n<p><strong>Birkeland busser<\/strong> post@bbtur.no tlf. 38 18 30 35<\/p>\n","protected":false},"excerpt":{"rendered":"<p>Veiledning til bestilling av buss for elevtransport til DKS-tilbud i regi av Fylkeskommunen. Fylkeskommunen betaler busstransport der det er n\u00f8dvendig for tilbud fra Den kulturelle skolesekken.Skoler som trenger buss bestiller selv billigste alternativ for eksempel fra ett av selskapene angitt under. Vi har ikke faste avtaler med busselskap. For sm\u00e5 skoler kan det v\u00e6re \u00f8konomisk [&hellip;]<\/p>\n","protected":false},"author":8,"featured_media":797,"parent":0,"menu_order":0,"comment_status":"closed","ping_status":"closed","template":"","meta":{"footnotes":""},"class_list":["post-989","page","type-page","status-publish","has-post-thumbnail","hentry"],"_links":{"self":[{"href":"https:\/\/www.denkulturelleskolesekken.no\/agder\/wp-json\/wp\/v2\/pages\/989","targetHints":{"allow":["GET"]}}],"collection":[{"href":"https:\/\/www.denkulturelleskolesekken.no\/agder\/wp-json\/wp\/v2\/pages"}],"about":[{"href":"https:\/\/www.denkulturelleskolesekken.no\/agder\/wp-json\/wp\/v2\/types\/page"}],"author":[{"embeddable":true,"href":"https:\/\/www.denkulturelleskolesekken.no\/agder\/wp-json\/wp\/v2\/users\/8"}],"replies":[{"embeddable":true,"href":"https:\/\/www.denkulturelleskolesekken.no\/agder\/wp-json\/wp\/v2\/comments?post=989"}],"version-history":[{"count":2,"href":"https:\/\/www.denkulturelleskolesekken.no\/agder\/wp-json\/wp\/v2\/pages\/989\/revisions"}],"predecessor-version":[{"id":1258,"href":"https:\/\/www.denkulturelleskolesekken.no\/agder\/wp-json\/wp\/v2\/pages\/989\/revisions\/1258"}],"wp:featuredmedia":[{"embeddable":true,"href":"https:\/\/www.denkulturelleskolesekken.no\/agder\/wp-json\/wp\/v2\/media\/797"}],"wp:attachment":[{"href":"https:\/\/www.denkulturelleskolesekken.no\/agder\/wp-json\/wp\/v2\/media?parent=989"}],"curies":[{"name":"wp","href":"https:\/\/api.w.org\/{rel}","templated":true}]}}