{"id":31,"date":"2019-10-31T13:54:44","date_gmt":"2019-10-31T13:54:44","guid":{"rendered":"https:\/\/viken.kulturtanken.app\/?page_id=31"},"modified":"2024-12-12T11:07:58","modified_gmt":"2024-12-12T11:07:58","slug":"er-du-utover","status":"publish","type":"page","link":"https:\/\/www.denkulturelleskolesekken.no\/agder\/er-du-utover\/","title":{"rendered":"Er du ut\u00f8ver?"},"content":{"rendered":"\n<h2 class=\"wp-block-heading\">Vil du formidle kunst og kultur til barn og unge p\u00e5 Agder?<\/h2>\n\n\n\n<p>Profesjonelle ut\u00f8vere, institusjoner, produsenter, og formidlere av kunst og kultur kan melde inn forslag til Den kulturelle skolesekken. Forslag meldes inn i den nasjonale <a href=\"https:\/\/www.denkulturelleskolesekken.no\/forside\/om-dks\/utover\/\" target=\"_blank\" rel=\"noreferrer noopener\">DKS-portalen <\/a>. Innmeldingsfrist er&nbsp;<strong>1. oktober<\/strong>&nbsp;for p\u00e5f\u00f8lgende skole\u00e5r.<\/p>\n\n\n\n<p><strong>Hvordan vurderes forslagene vi f\u00e5r inn?<\/strong><\/p>\n\n\n\n<p>DKS Agder \u00f8nsker \u00e5 skape et godt m\u00f8te mellom elevene og profesjonell kunst- og kultur av h\u00f8y kvalitet. Vi vektlegger\u202fkunstopplevelsen \u202fi programmeringen v\u00e5r. \u00a0DKS Agder har fagansvarlige produsenter med kompetanse innenfor sine kunstfelt.<\/p>\n\n\n\n<p>Valg av tilbud skjer ut fra en helhetsvurdering; kunstnerisk kvalitet, formidlingskvalitet, \u00f8konomi, relevans for m\u00e5lgruppa og skolen, logistikk og hva elevene har f\u00e5tt tidligere av tilbud.<\/p>\n\n\n\n<p>Hvis din produksjon blir antatt vil fagansvarlig ta kontakt med deg for \u00e5 avtale videre.<\/p>\n\n\n\n<p><strong>I DKS Agder prioriterer vi f\u00f8lgende produksjoner:<\/strong><br><br>Produksjoner med varighet p\u00e5 1-2 skoletimer vil bli prioritert. I enkelte tilfeller vil vi kunne ta inn produksjoner som har varighet opp mot en skoledag.<\/p>\n\n\n\n<p>Prioriteringer kan variere innenfor det enkelte kunstuttrykk.<\/p>\n\n\n\n<p>Innen film vil programforslag som inkluderer formidling bli prioritert, fremfor kun visning av en eller flere filmer.<\/p>\n\n\n\n<p>For forslag innen musikk og scenekunst b\u00f8r det ligge ved videoopptak eller lydfiler av materiale til riktig produksjon.<\/p>\n\n\n\n<p>Vi gj\u00f8r oppmerksom p\u00e5 at forslag som gjennomf\u00f8res med f\u00e6rre elever enn en skoleklasse ikke vil bli vurdert.<\/p>\n\n\n\n<p><strong>Turn\u00e9virksomheten&nbsp;<\/strong><\/p>\n\n\n\n<p>DKS Agder har egne turn\u00e9leggere som i samr\u00e5d med ut\u00f8ver og skole ivaretar all turn\u00e9virksomhet. Dette inkluderer reise, opphold og ev.&nbsp;andre behov.<\/p>\n\n\n\n<p><strong>Mangfold&nbsp;<\/strong><\/p>\n\n\n\n<p>Den kulturelle skolesekken ser det som sv\u00e6rt viktig \u00e5 reflektere mangfoldet i produksjonene v\u00e5re med tanke p\u00e5 etnisitet, kultur, klasse, legning og kj\u00f8nnsidentitet.&nbsp;&nbsp;<\/p>\n\n\n\n<p><strong>Kommunikasjon<\/strong><\/p>\n\n\n\n<p>Kommunikasjon mellom ut\u00f8ver, DKS Agder og skolene foreg\u00e5r i all hovedsak via DKS-portalen. Det er ogs\u00e5 utviklet en app for ut\u00f8vere der du tilgang til den samme informasjonen som p\u00e5 Min side i DKS-portalen.<\/p>\n\n\n\n<p>Last ned appen for&nbsp;<a href=\"https:\/\/apps.apple.com\/no\/app\/dks-ut%C3%B8ver\/id1459957906?l=nb\">iPhone<\/a>&nbsp;eller&nbsp;<a href=\"https:\/\/play.google.com\/store\/apps\/details?id=no.netpower.kulturtanken.app&amp;hl=no\">Android<\/a>:<\/p>\n\n\n\n<p>Innmelding av produksjoner gj\u00f8res via den sentrale DKS-portalen p\u00e5&nbsp;<a href=\"https:\/\/www.denkulturelleskolesekken.no\/\" target=\"_blank\" rel=\"noreferrer noopener\">denkulturelleskolesekken.no<\/a>.<\/p>\n","protected":false},"excerpt":{"rendered":"<p>Vil du formidle kunst og kultur til barn og unge p\u00e5 Agder? Profesjonelle ut\u00f8vere, institusjoner, produsenter, og formidlere av kunst og kultur kan melde inn forslag til Den kulturelle skolesekken. Forslag meldes inn i den nasjonale DKS-portalen . Innmeldingsfrist er&nbsp;1. oktober&nbsp;for p\u00e5f\u00f8lgende skole\u00e5r. Hvordan vurderes forslagene vi f\u00e5r inn? DKS Agder \u00f8nsker \u00e5 skape et [&hellip;]<\/p>\n","protected":false},"author":7,"featured_media":1062,"parent":0,"menu_order":0,"comment_status":"closed","ping_status":"closed","template":"","meta":{"footnotes":""},"class_list":["post-31","page","type-page","status-publish","has-post-thumbnail","hentry"],"_links":{"self":[{"href":"https:\/\/www.denkulturelleskolesekken.no\/agder\/wp-json\/wp\/v2\/pages\/31","targetHints":{"allow":["GET"]}}],"collection":[{"href":"https:\/\/www.denkulturelleskolesekken.no\/agder\/wp-json\/wp\/v2\/pages"}],"about":[{"href":"https:\/\/www.denkulturelleskolesekken.no\/agder\/wp-json\/wp\/v2\/types\/page"}],"author":[{"embeddable":true,"href":"https:\/\/www.denkulturelleskolesekken.no\/agder\/wp-json\/wp\/v2\/users\/7"}],"replies":[{"embeddable":true,"href":"https:\/\/www.denkulturelleskolesekken.no\/agder\/wp-json\/wp\/v2\/comments?post=31"}],"version-history":[{"count":26,"href":"https:\/\/www.denkulturelleskolesekken.no\/agder\/wp-json\/wp\/v2\/pages\/31\/revisions"}],"predecessor-version":[{"id":1188,"href":"https:\/\/www.denkulturelleskolesekken.no\/agder\/wp-json\/wp\/v2\/pages\/31\/revisions\/1188"}],"wp:featuredmedia":[{"embeddable":true,"href":"https:\/\/www.denkulturelleskolesekken.no\/agder\/wp-json\/wp\/v2\/media\/1062"}],"wp:attachment":[{"href":"https:\/\/www.denkulturelleskolesekken.no\/agder\/wp-json\/wp\/v2\/media?parent=31"}],"curies":[{"name":"wp","href":"https:\/\/api.w.org\/{rel}","templated":true}]}}