{"id":25,"date":"2019-10-31T13:51:34","date_gmt":"2019-10-31T13:51:34","guid":{"rendered":"https:\/\/viken.kulturtanken.app\/?page_id=25"},"modified":"2025-08-21T13:35:16","modified_gmt":"2025-08-21T13:35:16","slug":"er-du-kulturkontakt","status":"publish","type":"page","link":"https:\/\/www.denkulturelleskolesekken.no\/agder\/er-du-kulturkontakt\/","title":{"rendered":"Er du kulturkontakt?"},"content":{"rendered":"\n<p>For \u00e5 sikre god informasjonsflyt er det viktig at hver skole har en kulturkontakt. Kulturkontakten fungerer som et bindeledd mellom DKS og skolen, og er den som f\u00e5r all informasjon skolen trenger for at m\u00f8tet mellom elevene og ut\u00f8verne skal bli best mulig.<\/p>\n\n\n\n<p>Kulturkontakten kan v\u00e6re en av l\u00e6rerne ved skolen, rektor eller en annen av skolens administrative personell. Det viktigste er at kulturkontakten har et engasjement for \u00e5 legge best mulig til rette for de gode kunst- og kulturopplevelsene, og tid til \u00e5 gjennomf\u00f8re oppgaven. <\/p>\n\n\n\n<p>Det er flere p\u00e5 skolen som deler ansvaret for at DKS-programmet skal bli vellykket for elevene. Det er<br>viktig \u00e5 bevisstgj\u00f8re alle p\u00e5 skolen om hva dette ansvaret inneb\u00e6rer. Vi anbefaler at du avklarer med<br>rektor hvordan DKS-ordningen skal forankres p\u00e5 skolen.<\/p>\n\n\n\n<p>Dersom skolen har egne kulturverter\/arrang\u00f8rer blant elevene, er kulturkontakten deres kontaktperson p\u00e5 skolen. Kulturkontakten b\u00f8r dessuten ha god kommunikasjon med vaktmester med hensyn til praktisk og teknisk tilrettelegging, som krav til str\u00f8m, blending, temperatur i lokalet osv.<\/p>\n\n\n\n<p><strong>Kulturkontaktens oppgaver:<\/strong><\/p>\n\n\n\n<p>-Videreformidle informasjonen til aktuelle l\u00e6rer og elever<\/p>\n\n\n\n<p>-Kommunisere med DKS-ut\u00f8verne n\u00e5r de tar kontakt f\u00f8r bes\u00f8k<\/p>\n\n\n\n<p>-Sette seg inn i praktiske og tekniske krav til gjennomf\u00f8ring<\/p>\n\n\n\n<p>-Organisere praktiske forberedelser, gjerne sammen med elever<\/p>\n\n\n\n<p>-Forberede l\u00e6rere og elever p\u00e5 hvert bes\u00f8k og ta vel imot ut\u00f8vere<\/p>\n\n\n\n<p>-Etablere, organisere og ha m\u00f8ter med elevarrang\u00f8rer\/kulturcrew om skolen har dette<\/p>\n\n\n\n<p><\/p>\n\n\n\n<p><strong>Veileder for Kulturkontakten<\/strong><br>Kulturtanken har utarbeidet en egen veileder for kulturkontakter. Veilederen skal v\u00e6re en starthjelp og oppl\u00e6ring for deg som er ny kulturkontakt.&nbsp;&nbsp;Den vil ogs\u00e5 kunne v\u00e6re en st\u00f8tte og inspirasjon for deg som er erfaren kulturkontakt, rektor eller l\u00e6rer. <a rel=\"noreferrer noopener\" href=\"https:\/\/cdn.innocode.digital\/kulturtanken\/uploads\/2022\/12\/Kulturkontakt-veileder.pdf\" data-type=\"URL\" data-id=\"https:\/\/cdn.innocode.digital\/kulturtanken\/uploads\/2022\/12\/Kulturkontakt-veileder.pdf\" target=\"_blank\">Den kan lastes ned her.<\/a><\/p>\n\n\n\n<p>Les mer om Kulturtankens prosjekt om kulturkontaktens rolle<a rel=\"noreferrer noopener\" href=\"https:\/\/www.kulturtanken.no\/prosjekt\/kulturkontakter\/\" target=\"_blank\"> her<\/a>.<\/p>\n\n\n\n<p><strong>Enkle tips:<\/strong><br>-La informasjonen om kunstnerbes\u00f8k p\u00e5 skolen v\u00e6re lett tilgjengelig p\u00e5 l\u00e6rerrom, oppslagstavler og lignende.<\/p>\n\n\n\n<p>-Avklar l\u00e6rerens rolle under forestillingen. Hvem griper inn hvis det skulle oppst\u00e5 uro?<br> <br> -N\u00e5r dere velger lokale for de enkelte DKS-bes\u00f8kene, husk at alle skal ha tilgang til lokalet og at det skal v\u00e6re tilrettelagt for alle n\u00e5r det gjelder lys- og lydforhold. Er det utfordringer med dette, ta kontakt med DKS Agder s\u00e5 snart dere blir klar over problemet.<\/p>\n\n\n\n<p><strong>Er det noe som er uklart ta kontakt med oss!<\/strong><\/p>\n\n\n\n<p>Ved endring av kulturkontakt send en epost til<br>ann-kristin.bilstad@agderfk.no eller tomas.almas@agderfk.no<\/p>\n","protected":false},"excerpt":{"rendered":"<p>For \u00e5 sikre god informasjonsflyt er det viktig at hver skole har en kulturkontakt. Kulturkontakten fungerer som et bindeledd mellom DKS og skolen, og er den som f\u00e5r all informasjon skolen trenger for at m\u00f8tet mellom elevene og ut\u00f8verne skal bli best mulig. Kulturkontakten kan v\u00e6re en av l\u00e6rerne ved skolen, rektor eller en annen [&hellip;]<\/p>\n","protected":false},"author":8,"featured_media":0,"parent":0,"menu_order":0,"comment_status":"closed","ping_status":"closed","template":"","meta":{"footnotes":""},"class_list":["post-25","page","type-page","status-publish","hentry"],"_links":{"self":[{"href":"https:\/\/www.denkulturelleskolesekken.no\/agder\/wp-json\/wp\/v2\/pages\/25","targetHints":{"allow":["GET"]}}],"collection":[{"href":"https:\/\/www.denkulturelleskolesekken.no\/agder\/wp-json\/wp\/v2\/pages"}],"about":[{"href":"https:\/\/www.denkulturelleskolesekken.no\/agder\/wp-json\/wp\/v2\/types\/page"}],"author":[{"embeddable":true,"href":"https:\/\/www.denkulturelleskolesekken.no\/agder\/wp-json\/wp\/v2\/users\/8"}],"replies":[{"embeddable":true,"href":"https:\/\/www.denkulturelleskolesekken.no\/agder\/wp-json\/wp\/v2\/comments?post=25"}],"version-history":[{"count":14,"href":"https:\/\/www.denkulturelleskolesekken.no\/agder\/wp-json\/wp\/v2\/pages\/25\/revisions"}],"predecessor-version":[{"id":1230,"href":"https:\/\/www.denkulturelleskolesekken.no\/agder\/wp-json\/wp\/v2\/pages\/25\/revisions\/1230"}],"wp:attachment":[{"href":"https:\/\/www.denkulturelleskolesekken.no\/agder\/wp-json\/wp\/v2\/media?parent=25"}],"curies":[{"name":"wp","href":"https:\/\/api.w.org\/{rel}","templated":true}]}}