{"id":1164,"date":"2024-06-26T11:21:22","date_gmt":"2024-06-26T11:21:22","guid":{"rendered":"https:\/\/www.denkulturelleskolesekken.no\/agder\/?page_id=1164"},"modified":"2024-09-02T10:34:00","modified_gmt":"2024-09-02T10:34:00","slug":"klargjoring-av-rammeavtalen-asa-4401","status":"publish","type":"page","link":"https:\/\/www.denkulturelleskolesekken.no\/agder\/klargjoring-av-rammeavtalen-asa-4401\/","title":{"rendered":"Klargj\u00f8ring av Rammeavtalen ASA 4401"},"content":{"rendered":"\n<p>DKS Agder f\u00f8lger rammeavtalen ASA 4401. Det er er rammeavtale om vilk\u00e5r for oppdragstakere i Den kulturelle skolesekken i fylkeskommuner og kommuner. <a rel=\"noreferrer noopener\" href=\"https:\/\/www.ks.no\/contentassets\/3218a4055e77403a86c4f8a1e6cb3c32\/RundskrivA1-2023-ASA4401.pdf\" target=\"_blank\">Rammeavtalen kan leses i sin helhet her.<\/a><\/p>\n\n\n\n<p><strong>Klargj\u00f8ringer som gjelder n\u00e5r du er p\u00e5 turn\u00e9 for Agder DKS&nbsp;<\/strong><br>Pkt. 5. <em>Honorar for reisedager Dersom det avtalte turn\u00e9opplegget inneholder dager det ikke kan formidles, og disse dagene helt eller delvis m\u00e5 tilbringes p\u00e5 hotell eller reise, betales det honorar for disse dagene. Honoraret skal v\u00e6re minst 75 prosent av avtalt honorar per formidlingsdag. Overstiger den faktiske reisetiden 10 timer, godtgj\u00f8res dagen som formidlingsdag.<\/em>&nbsp;<\/p>\n\n\n\n<p>Dersom ut\u00f8ver midt i en turn\u00e9 f\u00e5r enkeltdager uten formidling vil disse honoreres med 75% av et dagshonorar. L\u00f8rdager, s\u00f8ndager eller avtalte friperioder i turn\u00e9en honoreres ikke som formidlingsdager. Det gis heller ikke formidlingshonorar p\u00e5 utreiser eller hjemreiser som foreg\u00e5r underveis i turn\u00e9en. Frivillige hjemreiser i turn\u00e9perioden utl\u00f8ser heller ikke formidlingshonorar selv om den faktiske reisetiden overstiger 10 timer. Se pkt. 11. Ut\u00f8vere som velger \u00e5 bli p\u00e5 spillested i helgen f\u00e5r dekket hotell og diett begrenset oppad til satsene i SGS 1001 (Statens reiseregulativ).&nbsp;<\/p>\n\n\n\n<p>Pkt. <em>6. Honorar for m\u00f8ter og forarbeid\/preproduksjon avtalt med oppdragsgiver M\u00f8ter og pr\u00f8ver\/preproduksjonsarbeid med oppdragsgiver honoreres med kr. 782,- per time for faktisk medg\u00e5tt tid. For innkalte produksjonspr\u00f8ver skal det betales honorar for minst 4 timer for hvert framm\u00f8te.<\/em>&nbsp;<\/p>\n\n\n\n<p>M\u00f8ter som utl\u00f8ser honorar skal alltid avtales p\u00e5 forh\u00e5nd.&nbsp;<\/p>\n\n\n\n<p>Pkt. <em>7. Turnere alene p\u00e5 turn\u00e9er der ut\u00f8ver reiser og spiller\/formidler alene, jf. pkt. 12, underpunkt 1 og 2, skal ut\u00f8ver ha et tillegg til honoraret, jf. pkt. 4, p\u00e5 20 %.<\/em>&nbsp;<\/p>\n\n\n\n<p>Dette gjelder for performative produksjoner der ut\u00f8ver rigger og spiller alene, og er sin egen tekniker. Pkt. 12, underpunkt 1 og 2 omhandler konserter, scenekunst og dans.&nbsp;&nbsp;<\/p>\n\n\n\n<p>Pkt. <em>11. Gjennomf\u00f8ring av oppdraget<\/em>&nbsp;<br><em>Med mindre annet er avtalt, starter oppdraget ved oppm\u00f8te p\u00e5 f\u00f8rste formidlingssted og avsluttes n\u00e5r siste formidlingsdag er gjennomf\u00f8rt.<\/em>&nbsp;<\/p>\n\n\n\n<p>Ofte er en turn\u00e9 delt opp i flere perioder der ut\u00f8ver underveis i turn\u00e9perioden ogs\u00e5 har avtalte formidlingsfrie perioder. Eksempel: ut\u00f8ver har en turn\u00e9 som g\u00e5r i ukene 5, 7 og 9 (5 dager hver uke). Ut\u00f8ver f\u00e5r ikke formidlingshonorar for uke 6 og 8. Det gis heller ikke honorar for l\u00f8rdager og s\u00f8ndager. Ut\u00f8ver bestemmer selv om han vil reise hjem i helgen, og f\u00e5r da dekket reiseutgifter etter rammeavtalen punkt 8. Dersom ut\u00f8ver velger \u00e5 dra hjem i forbindelse med de avtalte friperioder i uke 6 og 8, f\u00e5r hen ogs\u00e5 dekket reiseutgifter etter rammeavtalen punkt 8. Dersom ut\u00f8vers faktiske reisetid overstiger 10 timer, vil han kun f\u00e5 formidlingshonorar p\u00e5 reisedager i start\/ slutt av turn\u00e9en.<\/p>\n\n\n\n<p>Pkt. <em>12. Rammer for oppdraget. Oppdraget skal som hovedregel gjennomf\u00f8res innen f\u00f8lgende rammer:<\/em>&nbsp;<\/p>\n\n\n\n<p><em>pkt 12.3. For forelesning, formidling av litteratur, kunstutstillinger, filmpresentasjoner o.l. skal samlet effektiv formidling normalt ikke overstige 3 timer per dag.&nbsp;<\/em>&nbsp;<\/p>\n\n\n\n<p>Det betyr at med mindre annet er avtalt p\u00e5 forh\u00e5nd, kan en formidlingsdag inneholde tre formidlinger p\u00e5 45 min.&nbsp;<\/p>\n\n\n\n<p> <\/p>\n\n\n\n<p> <\/p>\n","protected":false},"excerpt":{"rendered":"<p>DKS Agder f\u00f8lger rammeavtalen ASA 4401. Det er er rammeavtale om vilk\u00e5r for oppdragstakere i Den kulturelle skolesekken i fylkeskommuner og kommuner. Rammeavtalen kan leses i sin helhet her. Klargj\u00f8ringer som gjelder n\u00e5r du er p\u00e5 turn\u00e9 for Agder DKS&nbsp;Pkt. 5. Honorar for reisedager Dersom det avtalte turn\u00e9opplegget inneholder dager det ikke kan formidles, og [&hellip;]<\/p>\n","protected":false},"author":8,"featured_media":0,"parent":0,"menu_order":0,"comment_status":"closed","ping_status":"closed","template":"","meta":{"footnotes":""},"class_list":["post-1164","page","type-page","status-publish","hentry"],"_links":{"self":[{"href":"https:\/\/www.denkulturelleskolesekken.no\/agder\/wp-json\/wp\/v2\/pages\/1164","targetHints":{"allow":["GET"]}}],"collection":[{"href":"https:\/\/www.denkulturelleskolesekken.no\/agder\/wp-json\/wp\/v2\/pages"}],"about":[{"href":"https:\/\/www.denkulturelleskolesekken.no\/agder\/wp-json\/wp\/v2\/types\/page"}],"author":[{"embeddable":true,"href":"https:\/\/www.denkulturelleskolesekken.no\/agder\/wp-json\/wp\/v2\/users\/8"}],"replies":[{"embeddable":true,"href":"https:\/\/www.denkulturelleskolesekken.no\/agder\/wp-json\/wp\/v2\/comments?post=1164"}],"version-history":[{"count":4,"href":"https:\/\/www.denkulturelleskolesekken.no\/agder\/wp-json\/wp\/v2\/pages\/1164\/revisions"}],"predecessor-version":[{"id":1174,"href":"https:\/\/www.denkulturelleskolesekken.no\/agder\/wp-json\/wp\/v2\/pages\/1164\/revisions\/1174"}],"wp:attachment":[{"href":"https:\/\/www.denkulturelleskolesekken.no\/agder\/wp-json\/wp\/v2\/media?parent=1164"}],"curies":[{"name":"wp","href":"https:\/\/api.w.org\/{rel}","templated":true}]}}