{"id":1069,"date":"2023-07-04T14:19:19","date_gmt":"2023-07-04T14:19:19","guid":{"rendered":"https:\/\/www.denkulturelleskolesekken.no\/agder\/?page_id=1069"},"modified":"2026-03-11T11:19:01","modified_gmt":"2026-03-11T11:19:01","slug":"fordeling-av-kunstfelt","status":"publish","type":"page","link":"https:\/\/www.denkulturelleskolesekken.no\/agder\/fordeling-av-kunstfelt\/","title":{"rendered":"Fordeling av kunstfelt"},"content":{"rendered":"\n<p>DKS Agder programmerer for grunnskole og videreg\u00e5ende skole. For grunnskolen er Agder i DKS-sammenheng delt inn i ni distrikt. <\/p>\n\n\n\n<figure class=\"wp-block-image size-full is-style-default\"><img loading=\"lazy\" decoding=\"async\" width=\"736\" height=\"831\" src=\"https:\/\/cdn.denkulturelleskolesekken.no\/agder\/3466c38e-distriktskart-agder-dks.jpg\" alt=\"\" class=\"wp-image-1072\" srcset=\"https:\/\/cdn.denkulturelleskolesekken.no\/agder\/3466c38e-distriktskart-agder-dks.jpg 736w, https:\/\/cdn.denkulturelleskolesekken.no\/agder\/3466c38e-distriktskart-agder-dks-266x300.jpg 266w\" sizes=\"auto, (max-width: 736px) 100vw, 736px\" \/><figcaption class=\"wp-element-caption\">Distriktsinndeling, Agder DKS<\/figcaption><\/figure>\n\n\n\n<p>Hvert distrikt f\u00e5r tilbud om tre forskjellige kunstfelt hvert skole\u00e5r. For skole\u00e5rene fra 2025-26 og til 2027-28 er fordelingen av kunstfeltene slik:<\/p>\n\n\n\n<div class=\"wp-block-columns is-layout-flex wp-container-core-columns-is-layout-9d6595d7 wp-block-columns-is-layout-flex\">\n<div class=\"wp-block-column is-layout-flow wp-block-column-is-layout-flow\"><\/div>\n\n\n\n<div class=\"wp-block-column is-layout-flow wp-block-column-is-layout-flow\"><\/div>\n<\/div>\n\n\n\n<div class=\"wp-block-columns is-layout-flex wp-container-core-columns-is-layout-9d6595d7 wp-block-columns-is-layout-flex\">\n<div class=\"wp-block-column is-layout-flow wp-block-column-is-layout-flow\" style=\"flex-basis:100%\">\n<figure class=\"wp-block-table is-style-stripes\"><table class=\"has-fixed-layout\"><tbody><tr><td><strong>Distrikt<\/strong><\/td><td><strong>Skole\u00e5ret 2025-26<\/strong><\/td><td><strong>Skole\u00e5ret 2026 &#8211; 27<\/strong><\/td><td><strong>Skole\u00e5ret 2027-28<\/strong><\/td><\/tr><tr><td>1<\/td><td>Litteratur<\/td><td>Kulturarv<\/td><td>Visuell kunst<\/td><\/tr><tr><td><\/td><td>Scenekunst<\/td><td>Film<\/td><td>Litteratur<\/td><\/tr><tr><td><\/td><td>Musikk<\/td><td>Musikk<\/td><td>Musikk<\/td><\/tr><tr><td>2<\/td><td>Kulturarv<\/td><td>Film<\/td><td>Scenekunst<\/td><\/tr><tr><td><\/td><td>Litteratur<\/td><td>Visuell kunst<\/td><td>Kulturarv<\/td><\/tr><tr><td><\/td><td>Musikk<\/td><td>Musikk<\/td><td>Musikk<\/td><\/tr><tr><td>3<\/td><td>Film<\/td><td>Litteratur<\/td><td>Visuell kunst<\/td><\/tr><tr><td><\/td><td>Kulturarv<\/td><td>Scenekunst<\/td><td>Film<\/td><\/tr><tr><td><\/td><td>Musikk<\/td><td>Musikk<\/td><td>Musikk<\/td><\/tr><tr><td>4<\/td><td>Visuell kunst<\/td><td>Scenekunst<\/td><td>Kulturarv<\/td><\/tr><tr><td><\/td><td>Film<\/td><td>Litteratur<\/td><td>Visuell kunst<\/td><\/tr><tr><td><\/td><td>Musikk<\/td><td>Musikk<\/td><td>Musikk<\/td><\/tr><tr><td>5<\/td><td>Visuell kunst<\/td><td>Film<\/td><td>Scenekunst<\/td><\/tr><tr><td><\/td><td>Scenekunst<\/td><td>Kulturarv<\/td><td>Visuell kunst<\/td><\/tr><tr><td><\/td><td>Musikk<\/td><td>Musikk<\/td><td>Musikk<\/td><\/tr><tr><td>6<\/td><td>Kulturarv<\/td><td>Visuell kunst<\/td><td>Film<\/td><\/tr><tr><td><\/td><td>Film<\/td><td>Scenekunst<\/td><td>Litteratur<\/td><\/tr><tr><td><\/td><td>Musikk<\/td><td>Musikk<\/td><td>Musikk<\/td><\/tr><tr><td>7<\/td><td>Scenekunst<\/td><td>Kulturarv<\/td><td>Film<\/td><\/tr><tr><td><\/td><td>Litteratur<\/td><td>Visuell kunst<\/td><td>Scenekunst<\/td><\/tr><tr><td><\/td><td>Musikk<\/td><td>Musikk<\/td><td>Musikk<\/td><\/tr><tr><td>8<\/td><td>Litteratur<\/td><td>Scenekunst<\/td><td>Kulturarv<\/td><\/tr><tr><td><\/td><td>Visuell kunst<\/td><td>Film<\/td><td>Litteratur<\/td><\/tr><tr><td><\/td><td>Musikk<\/td><td>Musikk<\/td><td>Musikk<\/td><\/tr><tr><td>9<\/td><td>Film<\/td><td>Visuell kunst<\/td><td>Litteratur<\/td><\/tr><tr><td><\/td><td>Scenekunst<\/td><td>Kulturarv<\/td><td>Scenekunst<\/td><\/tr><tr><td><\/td><td>Musikk<\/td><td>Musikk<\/td><td>Musikk<\/td><\/tr><\/tbody><\/table><\/figure>\n<\/div>\n<\/div>\n","protected":false},"excerpt":{"rendered":"<p>DKS Agder programmerer for grunnskole og videreg\u00e5ende skole. For grunnskolen er Agder i DKS-sammenheng delt inn i ni distrikt. Hvert distrikt f\u00e5r tilbud om tre forskjellige kunstfelt hvert skole\u00e5r. For skole\u00e5rene fra 2025-26 og til 2027-28 er fordelingen av kunstfeltene slik: Distrikt Skole\u00e5ret 2025-26 Skole\u00e5ret 2026 &#8211; 27 Skole\u00e5ret 2027-28 1 Litteratur Kulturarv Visuell kunst [&hellip;]<\/p>\n","protected":false},"author":7,"featured_media":0,"parent":0,"menu_order":0,"comment_status":"closed","ping_status":"closed","template":"","meta":{"footnotes":""},"class_list":["post-1069","page","type-page","status-publish","hentry"],"_links":{"self":[{"href":"https:\/\/www.denkulturelleskolesekken.no\/agder\/wp-json\/wp\/v2\/pages\/1069","targetHints":{"allow":["GET"]}}],"collection":[{"href":"https:\/\/www.denkulturelleskolesekken.no\/agder\/wp-json\/wp\/v2\/pages"}],"about":[{"href":"https:\/\/www.denkulturelleskolesekken.no\/agder\/wp-json\/wp\/v2\/types\/page"}],"author":[{"embeddable":true,"href":"https:\/\/www.denkulturelleskolesekken.no\/agder\/wp-json\/wp\/v2\/users\/7"}],"replies":[{"embeddable":true,"href":"https:\/\/www.denkulturelleskolesekken.no\/agder\/wp-json\/wp\/v2\/comments?post=1069"}],"version-history":[{"count":15,"href":"https:\/\/www.denkulturelleskolesekken.no\/agder\/wp-json\/wp\/v2\/pages\/1069\/revisions"}],"predecessor-version":[{"id":1262,"href":"https:\/\/www.denkulturelleskolesekken.no\/agder\/wp-json\/wp\/v2\/pages\/1069\/revisions\/1262"}],"wp:attachment":[{"href":"https:\/\/www.denkulturelleskolesekken.no\/agder\/wp-json\/wp\/v2\/media?parent=1069"}],"curies":[{"name":"wp","href":"https:\/\/api.w.org\/{rel}","templated":true}]}}