{"id":1047,"date":"2023-06-05T13:09:45","date_gmt":"2023-06-05T13:09:45","guid":{"rendered":"https:\/\/www.denkulturelleskolesekken.no\/agder\/?page_id=1047"},"modified":"2023-06-05T13:19:07","modified_gmt":"2023-06-05T13:19:07","slug":"er-du-kommunekontakt","status":"publish","type":"page","link":"https:\/\/www.denkulturelleskolesekken.no\/agder\/er-du-kommunekontakt\/","title":{"rendered":"Er du kommunekontakt?"},"content":{"rendered":"\n<p><a><\/a>Kommunekontakten er en av DKS Agders n\u00e6rmeste samarbeidspartner i arbeidet med Den kulturelle skolesekken. Kommunekontakten er et viktig ledd for videreformidling av informasjon mellom DKS Agder og skolene, og et meget sentralt ledd i arbeidet med DKS lokalt.<\/p>\n\n\n\n<p>Den kulturelle skolesekken skal v\u00e6re et samarbeid mellom kultur- og skoleavdelingene i kommunen. Kommunekontakten er ansvarlig for \u00e5 administrere, formidle, utvikle og kvalitetssikre DKS-programmet i egen kommune, den lokale kulturelle skolesekken. Kommunekontakten m\u00e5 ha avsatt tilstrekkelig ressurs til \u00e5 ivareta kommunens ansvar og forpliktelser.<br>Kommunekontakten rapporterer \u00e5rlig til DKS Agder og Kulturtanken.<\/p>\n\n\n\n<p>Tips til kommunekontakten<\/p>\n\n\n\n<ul class=\"wp-block-list\"><li>Hold deg orientert om DKS-ordningen og tilbudene som kommer til kommunen fra DKS Agder. Pr\u00f8v \u00e5 koordinere kommunens lokale DKS-tilbud best mulig med tilbudene som kommer fra DKS Agder.<\/li><li>Ha god kontakt med kommunens skoler, etabler gjerne m\u00f8teplasser for planlegging, idemyldring, erfaringsutveksling og evaluering.<\/li><li>F\u00f8lg opp og bist\u00e5 skolenes kulturkontakter, slik at det tilrettelegges for best mulig kunst- og kulturopplevelser for elevene ved den enkelte skole.<\/li><li>Legg til rette for at alle skolene i kommunen har elevarrang\u00f8rer.<\/li><li>Er det skoler som legges ned eller nye skoler i kommunen? Gi beskjed til DKS Agder!<\/li><li>Ikke n\u00f8l med \u00e5 kontakte oss i DKS Agder dersom du har sp\u00f8rsm\u00e5l eller tilbakemeldinger.<\/li><\/ul>\n","protected":false},"excerpt":{"rendered":"<p>Kommunekontakten er en av DKS Agders n\u00e6rmeste samarbeidspartner i arbeidet med Den kulturelle skolesekken. Kommunekontakten er et viktig ledd for videreformidling av informasjon mellom DKS Agder og skolene, og et meget sentralt ledd i arbeidet med DKS lokalt. Den kulturelle skolesekken skal v\u00e6re et samarbeid mellom kultur- og skoleavdelingene i kommunen. Kommunekontakten er ansvarlig for [&hellip;]<\/p>\n","protected":false},"author":7,"featured_media":1051,"parent":0,"menu_order":0,"comment_status":"closed","ping_status":"closed","template":"","meta":{"footnotes":""},"class_list":["post-1047","page","type-page","status-publish","has-post-thumbnail","hentry"],"_links":{"self":[{"href":"https:\/\/www.denkulturelleskolesekken.no\/agder\/wp-json\/wp\/v2\/pages\/1047","targetHints":{"allow":["GET"]}}],"collection":[{"href":"https:\/\/www.denkulturelleskolesekken.no\/agder\/wp-json\/wp\/v2\/pages"}],"about":[{"href":"https:\/\/www.denkulturelleskolesekken.no\/agder\/wp-json\/wp\/v2\/types\/page"}],"author":[{"embeddable":true,"href":"https:\/\/www.denkulturelleskolesekken.no\/agder\/wp-json\/wp\/v2\/users\/7"}],"replies":[{"embeddable":true,"href":"https:\/\/www.denkulturelleskolesekken.no\/agder\/wp-json\/wp\/v2\/comments?post=1047"}],"version-history":[{"count":2,"href":"https:\/\/www.denkulturelleskolesekken.no\/agder\/wp-json\/wp\/v2\/pages\/1047\/revisions"}],"predecessor-version":[{"id":1052,"href":"https:\/\/www.denkulturelleskolesekken.no\/agder\/wp-json\/wp\/v2\/pages\/1047\/revisions\/1052"}],"wp:featuredmedia":[{"embeddable":true,"href":"https:\/\/www.denkulturelleskolesekken.no\/agder\/wp-json\/wp\/v2\/media\/1051"}],"wp:attachment":[{"href":"https:\/\/www.denkulturelleskolesekken.no\/agder\/wp-json\/wp\/v2\/media?parent=1047"}],"curies":[{"name":"wp","href":"https:\/\/api.w.org\/{rel}","templated":true}]}}